{"id":3681,"date":"2026-02-18T15:16:36","date_gmt":"2026-02-18T18:16:36","guid":{"rendered":"https:\/\/www.aquafast.com.br\/es\/?post_type=product&#038;p=3681"},"modified":"2026-03-30T09:29:38","modified_gmt":"2026-03-30T12:29:38","slug":"lava-ropa-liquido-rendimiento-alto-7l","status":"publish","type":"product","link":"https:\/\/www.aquafast.com.br\/es\/produto\/lava-ropa-liquido-rendimiento-alto-7l\/","title":{"rendered":"Lava Ropa L\u00edquido Alta Performance 7L"},"content":{"rendered":"<p>Lava Ropa L\u00edquido 7L<\/p>\n<p>Paletizaci\u00f3n: 35 unidad (base) x 3 unidad (altura) = 105 unidad.<\/p>\n<p>&nbsp;<\/p>\n<p><strong>Versi\u00f3n: LAVA ROPA L\u00cdQUIDO AQUAFAST ALTA PERFORMANCE 7L<\/strong><\/p>\n<p>C\u00f3digo interno: 20.20.0077<\/p>\n<p>C\u00f3digo EAN (unidad): 789.8302.00659-1<\/p>\n<p>&nbsp;<\/p>\n","protected":false},"excerpt":{"rendered":"<p>Desarrollado para uso profesional y dom\u00e9stico, el Lava Ropa L\u00edquido Alta Performance para ropa cuenta con una alta concentraci\u00f3n de ingredientes activos que ofrecen un rendimiento superior al de los detergentes tradicionales. Elimina manchas dif\u00edciles incluso en lavados intensos, preserva las telas y mantiene los colores vibrantes, garantizando mayor eficiencia y calidad en cada lavado.<\/p>\n","protected":false},"featured_media":3673,"comment_status":"open","ping_status":"closed","template":"","meta":{"_acf_changed":false,"inline_featured_image":false},"product_brand":[],"product_cat":[39],"product_tag":[],"class_list":{"0":"post-3681","1":"product","2":"type-product","3":"status-publish","4":"has-post-thumbnail","6":"product_cat-lava-ropa","8":"first","9":"instock","10":"downloadable","11":"virtual","12":"product-type-simple"},"acf":[],"yoast_head":"<!-- This site is optimized with the Yoast SEO plugin v24.9 - https:\/\/yoast.com\/wordpress\/plugins\/seo\/ -->\n<title>Lava Ropa L\u00edquido Alta Performance 7L - Aquafast ES<\/title>\n<meta name=\"robots\" content=\"index, follow, max-snippet:-1, max-image-preview:large, max-video-preview:-1\" \/>\n<link rel=\"canonical\" href=\"https:\/\/www.aquafast.com.br\/es\/produto\/lava-ropa-liquido-rendimiento-alto-7l\/\" \/>\n<meta property=\"og:locale\" content=\"pt_BR\" \/>\n<meta property=\"og:type\" content=\"article\" \/>\n<meta property=\"og:title\" content=\"Lava Ropa L\u00edquido Alta Performance 7L - Aquafast ES\" \/>\n<meta property=\"og:description\" content=\"Desarrollado para uso profesional y dom\u00e9stico, el Lava Ropa L\u00edquido Alta Performance para ropa cuenta con una alta concentraci\u00f3n de ingredientes activos que ofrecen un rendimiento superior al de los detergentes tradicionales. Elimina manchas dif\u00edciles incluso en lavados intensos, preserva las telas y mantiene los colores vibrantes, garantizando mayor eficiencia y calidad en cada lavado.\" \/>\n<meta property=\"og:url\" content=\"https:\/\/www.aquafast.com.br\/es\/produto\/lava-ropa-liquido-rendimiento-alto-7l\/\" \/>\n<meta property=\"og:site_name\" content=\"Aquafast ES\" \/>\n<meta property=\"article:modified_time\" content=\"2026-03-30T12:29:38+00:00\" \/>\n<meta property=\"og:image\" content=\"https:\/\/www.aquafast.com.br\/es\/wp-content\/uploads\/sites\/4\/2026\/02\/AQ_MKP_LR_ALTA_PERFORMANCE_7L-1024x1024.png\" \/>\n\t<meta property=\"og:image:width\" content=\"1024\" \/>\n\t<meta property=\"og:image:height\" content=\"1024\" \/>\n\t<meta property=\"og:image:type\" content=\"image\/png\" \/>\n<meta name=\"twitter:card\" content=\"summary_large_image\" \/>\n<meta name=\"twitter:label1\" content=\"Est. tempo de leitura\" \/>\n\t<meta name=\"twitter:data1\" content=\"1 minuto\" \/>\n<script type=\"application\/ld+json\" class=\"yoast-schema-graph\">{\"@context\":\"https:\/\/schema.org\",\"@graph\":[{\"@type\":\"WebPage\",\"@id\":\"https:\/\/www.aquafast.com.br\/es\/produto\/lava-ropa-liquido-rendimiento-alto-7l\/\",\"url\":\"https:\/\/www.aquafast.com.br\/es\/produto\/lava-ropa-liquido-rendimiento-alto-7l\/\",\"name\":\"Lava Ropa L\u00edquido Alta Performance 7L - Aquafast ES\",\"isPartOf\":{\"@id\":\"https:\/\/www.aquafast.com.br\/es\/#website\"},\"primaryImageOfPage\":{\"@id\":\"https:\/\/www.aquafast.com.br\/es\/produto\/lava-ropa-liquido-rendimiento-alto-7l\/#primaryimage\"},\"image\":{\"@id\":\"https:\/\/www.aquafast.com.br\/es\/produto\/lava-ropa-liquido-rendimiento-alto-7l\/#primaryimage\"},\"thumbnailUrl\":\"https:\/\/www.aquafast.com.br\/es\/wp-content\/uploads\/sites\/4\/2026\/02\/AQ_MKP_LR_ALTA_PERFORMANCE_7L-scaled.png\",\"datePublished\":\"2026-02-18T18:16:36+00:00\",\"dateModified\":\"2026-03-30T12:29:38+00:00\",\"breadcrumb\":{\"@id\":\"https:\/\/www.aquafast.com.br\/es\/produto\/lava-ropa-liquido-rendimiento-alto-7l\/#breadcrumb\"},\"inLanguage\":\"pt-BR\",\"potentialAction\":[{\"@type\":\"ReadAction\",\"target\":[\"https:\/\/www.aquafast.com.br\/es\/produto\/lava-ropa-liquido-rendimiento-alto-7l\/\"]}]},{\"@type\":\"ImageObject\",\"inLanguage\":\"pt-BR\",\"@id\":\"https:\/\/www.aquafast.com.br\/es\/produto\/lava-ropa-liquido-rendimiento-alto-7l\/#primaryimage\",\"url\":\"https:\/\/www.aquafast.com.br\/es\/wp-content\/uploads\/sites\/4\/2026\/02\/AQ_MKP_LR_ALTA_PERFORMANCE_7L-scaled.png\",\"contentUrl\":\"https:\/\/www.aquafast.com.br\/es\/wp-content\/uploads\/sites\/4\/2026\/02\/AQ_MKP_LR_ALTA_PERFORMANCE_7L-scaled.png\",\"width\":2560,\"height\":2560},{\"@type\":\"BreadcrumbList\",\"@id\":\"https:\/\/www.aquafast.com.br\/es\/produto\/lava-ropa-liquido-rendimiento-alto-7l\/#breadcrumb\",\"itemListElement\":[{\"@type\":\"ListItem\",\"position\":1,\"name\":\"In\u00edcio\",\"item\":\"https:\/\/www.aquafast.com.br\/es\/\"},{\"@type\":\"ListItem\",\"position\":2,\"name\":\"Produtos\",\"item\":\"https:\/\/www.aquafast.com.br\/es\/loja\/\"},{\"@type\":\"ListItem\",\"position\":3,\"name\":\"Lava Ropa L\u00edquido Alta Performance 7L\"}]},{\"@type\":\"WebSite\",\"@id\":\"https:\/\/www.aquafast.com.br\/es\/#website\",\"url\":\"https:\/\/www.aquafast.com.br\/es\/\",\"name\":\"Aquafast ES\",\"description\":\"\",\"potentialAction\":[{\"@type\":\"SearchAction\",\"target\":{\"@type\":\"EntryPoint\",\"urlTemplate\":\"https:\/\/www.aquafast.com.br\/es\/?s={search_term_string}\"},\"query-input\":{\"@type\":\"PropertyValueSpecification\",\"valueRequired\":true,\"valueName\":\"search_term_string\"}}],\"inLanguage\":\"pt-BR\"}]}<\/script>\n<!-- \/ Yoast SEO plugin. -->","yoast_head_json":{"title":"Lava Ropa L\u00edquido Alta Performance 7L - Aquafast ES","robots":{"index":"index","follow":"follow","max-snippet":"max-snippet:-1","max-image-preview":"max-image-preview:large","max-video-preview":"max-video-preview:-1"},"canonical":"https:\/\/www.aquafast.com.br\/es\/produto\/lava-ropa-liquido-rendimiento-alto-7l\/","og_locale":"pt_BR","og_type":"article","og_title":"Lava Ropa L\u00edquido Alta Performance 7L - Aquafast ES","og_description":"Desarrollado para uso profesional y dom\u00e9stico, el Lava Ropa L\u00edquido Alta Performance para ropa cuenta con una alta concentraci\u00f3n de ingredientes activos que ofrecen un rendimiento superior al de los detergentes tradicionales. Elimina manchas dif\u00edciles incluso en lavados intensos, preserva las telas y mantiene los colores vibrantes, garantizando mayor eficiencia y calidad en cada lavado.","og_url":"https:\/\/www.aquafast.com.br\/es\/produto\/lava-ropa-liquido-rendimiento-alto-7l\/","og_site_name":"Aquafast ES","article_modified_time":"2026-03-30T12:29:38+00:00","og_image":[{"width":1024,"height":1024,"url":"https:\/\/www.aquafast.com.br\/es\/wp-content\/uploads\/sites\/4\/2026\/02\/AQ_MKP_LR_ALTA_PERFORMANCE_7L-1024x1024.png","type":"image\/png"}],"twitter_card":"summary_large_image","twitter_misc":{"Est. tempo de leitura":"1 minuto"},"schema":{"@context":"https:\/\/schema.org","@graph":[{"@type":"WebPage","@id":"https:\/\/www.aquafast.com.br\/es\/produto\/lava-ropa-liquido-rendimiento-alto-7l\/","url":"https:\/\/www.aquafast.com.br\/es\/produto\/lava-ropa-liquido-rendimiento-alto-7l\/","name":"Lava Ropa L\u00edquido Alta Performance 7L - Aquafast ES","isPartOf":{"@id":"https:\/\/www.aquafast.com.br\/es\/#website"},"primaryImageOfPage":{"@id":"https:\/\/www.aquafast.com.br\/es\/produto\/lava-ropa-liquido-rendimiento-alto-7l\/#primaryimage"},"image":{"@id":"https:\/\/www.aquafast.com.br\/es\/produto\/lava-ropa-liquido-rendimiento-alto-7l\/#primaryimage"},"thumbnailUrl":"https:\/\/www.aquafast.com.br\/es\/wp-content\/uploads\/sites\/4\/2026\/02\/AQ_MKP_LR_ALTA_PERFORMANCE_7L-scaled.png","datePublished":"2026-02-18T18:16:36+00:00","dateModified":"2026-03-30T12:29:38+00:00","breadcrumb":{"@id":"https:\/\/www.aquafast.com.br\/es\/produto\/lava-ropa-liquido-rendimiento-alto-7l\/#breadcrumb"},"inLanguage":"pt-BR","potentialAction":[{"@type":"ReadAction","target":["https:\/\/www.aquafast.com.br\/es\/produto\/lava-ropa-liquido-rendimiento-alto-7l\/"]}]},{"@type":"ImageObject","inLanguage":"pt-BR","@id":"https:\/\/www.aquafast.com.br\/es\/produto\/lava-ropa-liquido-rendimiento-alto-7l\/#primaryimage","url":"https:\/\/www.aquafast.com.br\/es\/wp-content\/uploads\/sites\/4\/2026\/02\/AQ_MKP_LR_ALTA_PERFORMANCE_7L-scaled.png","contentUrl":"https:\/\/www.aquafast.com.br\/es\/wp-content\/uploads\/sites\/4\/2026\/02\/AQ_MKP_LR_ALTA_PERFORMANCE_7L-scaled.png","width":2560,"height":2560},{"@type":"BreadcrumbList","@id":"https:\/\/www.aquafast.com.br\/es\/produto\/lava-ropa-liquido-rendimiento-alto-7l\/#breadcrumb","itemListElement":[{"@type":"ListItem","position":1,"name":"In\u00edcio","item":"https:\/\/www.aquafast.com.br\/es\/"},{"@type":"ListItem","position":2,"name":"Produtos","item":"https:\/\/www.aquafast.com.br\/es\/loja\/"},{"@type":"ListItem","position":3,"name":"Lava Ropa L\u00edquido Alta Performance 7L"}]},{"@type":"WebSite","@id":"https:\/\/www.aquafast.com.br\/es\/#website","url":"https:\/\/www.aquafast.com.br\/es\/","name":"Aquafast ES","description":"","potentialAction":[{"@type":"SearchAction","target":{"@type":"EntryPoint","urlTemplate":"https:\/\/www.aquafast.com.br\/es\/?s={search_term_string}"},"query-input":{"@type":"PropertyValueSpecification","valueRequired":true,"valueName":"search_term_string"}}],"inLanguage":"pt-BR"}]}},"_links":{"self":[{"href":"https:\/\/www.aquafast.com.br\/es\/wp-json\/wp\/v2\/product\/3681","targetHints":{"allow":["GET"]}}],"collection":[{"href":"https:\/\/www.aquafast.com.br\/es\/wp-json\/wp\/v2\/product"}],"about":[{"href":"https:\/\/www.aquafast.com.br\/es\/wp-json\/wp\/v2\/types\/product"}],"replies":[{"embeddable":true,"href":"https:\/\/www.aquafast.com.br\/es\/wp-json\/wp\/v2\/comments?post=3681"}],"wp:featuredmedia":[{"embeddable":true,"href":"https:\/\/www.aquafast.com.br\/es\/wp-json\/wp\/v2\/media\/3673"}],"wp:attachment":[{"href":"https:\/\/www.aquafast.com.br\/es\/wp-json\/wp\/v2\/media?parent=3681"}],"wp:term":[{"taxonomy":"product_brand","embeddable":true,"href":"https:\/\/www.aquafast.com.br\/es\/wp-json\/wp\/v2\/product_brand?post=3681"},{"taxonomy":"product_cat","embeddable":true,"href":"https:\/\/www.aquafast.com.br\/es\/wp-json\/wp\/v2\/product_cat?post=3681"},{"taxonomy":"product_tag","embeddable":true,"href":"https:\/\/www.aquafast.com.br\/es\/wp-json\/wp\/v2\/product_tag?post=3681"}],"curies":[{"name":"wp","href":"https:\/\/api.w.org\/{rel}","templated":true}]}}