{"id":3678,"date":"2026-02-18T15:02:55","date_gmt":"2026-02-18T18:02:55","guid":{"rendered":"https:\/\/www.aquafast.com.br\/es\/?post_type=product&#038;p=3678"},"modified":"2026-03-23T09:33:05","modified_gmt":"2026-03-23T12:33:05","slug":"limpiador-multiuso-fuerza-o2-500ml","status":"publish","type":"product","link":"https:\/\/www.aquafast.com.br\/es\/produto\/limpiador-multiuso-fuerza-o2-500ml\/","title":{"rendered":"Limpiador Multiuso Poder O2 Pulverizador 500ml"},"content":{"rendered":"<p>Limpiador Multiuso 500ml<\/p>\n<p>Contenido de la caja: 12 unid. x 500mL<\/p>\n<p>Paletizaci\u00f3n: 18 cajas (base) x 5 cajas (altura) = 90 cajas<\/p>\n<p>&nbsp;<\/p>\n<p><strong>Versi\u00f3n<\/strong>:<strong> LIMPIADOR MULTIUSO AQUAFAST PODER O2 PULVERIZADOR 500ML<\/strong><\/p>\n<p>C\u00f3digo interno: 20.11.0027<\/p>\n<p>C\u00f3digo EAN (unidad): 789.8302.00658-4<\/p>\n<p>C\u00f3digo DUN (caja): 1 789830200658 1<\/p>\n","protected":false},"excerpt":{"rendered":"<p><strong>Multiusos Poder O2:<\/strong> Limpieza profunda con ox\u00edgeno activo que desinfecta y ayuda a blanquear sin cloro, garantizando mayor seguridad y comodidad en el d\u00eda a d\u00eda.<br \/>\nApto para fregaderos, encimeras, azulejos y juntas, tambi\u00e9n act\u00faa como eliminador de moho en manchas oscuras, ampliando su versatilidad y eficacia en toda la casa.<\/p>\n","protected":false},"featured_media":3674,"comment_status":"open","ping_status":"closed","template":"","meta":{"_acf_changed":false,"inline_featured_image":false},"product_brand":[],"product_cat":[41],"product_tag":[],"class_list":{"0":"post-3678","1":"product","2":"type-product","3":"status-publish","4":"has-post-thumbnail","6":"product_cat-limpiador-multiuso","8":"first","9":"instock","10":"downloadable","11":"virtual","12":"product-type-simple"},"acf":[],"yoast_head":"<!-- This site is optimized with the Yoast SEO plugin v24.9 - https:\/\/yoast.com\/wordpress\/plugins\/seo\/ -->\n<title>Limpiador Multiuso Poder O2 Pulverizador 500ml - Aquafast ES<\/title>\n<meta name=\"robots\" content=\"index, follow, max-snippet:-1, max-image-preview:large, max-video-preview:-1\" \/>\n<link rel=\"canonical\" href=\"https:\/\/www.aquafast.com.br\/es\/produto\/limpiador-multiuso-fuerza-o2-500ml\/\" \/>\n<meta property=\"og:locale\" content=\"pt_BR\" \/>\n<meta property=\"og:type\" content=\"article\" \/>\n<meta property=\"og:title\" content=\"Limpiador Multiuso Poder O2 Pulverizador 500ml - Aquafast ES\" \/>\n<meta property=\"og:description\" content=\"Multiusos Poder O2: Limpieza profunda con ox\u00edgeno activo que desinfecta y ayuda a blanquear sin cloro, garantizando mayor seguridad y comodidad en el d\u00eda a d\u00eda. Apto para fregaderos, encimeras, azulejos y juntas, tambi\u00e9n act\u00faa como eliminador de moho en manchas oscuras, ampliando su versatilidad y eficacia en toda la casa.\" \/>\n<meta property=\"og:url\" content=\"https:\/\/www.aquafast.com.br\/es\/produto\/limpiador-multiuso-fuerza-o2-500ml\/\" \/>\n<meta property=\"og:site_name\" content=\"Aquafast ES\" \/>\n<meta property=\"article:modified_time\" content=\"2026-03-23T12:33:05+00:00\" \/>\n<meta property=\"og:image\" content=\"https:\/\/www.aquafast.com.br\/es\/wp-content\/uploads\/sites\/4\/2026\/02\/Multiuso-Aquafast-Poder-O2-500ml-Spray-2026-scaled.png\" \/>\n\t<meta property=\"og:image:width\" content=\"2560\" \/>\n\t<meta property=\"og:image:height\" content=\"2560\" \/>\n\t<meta property=\"og:image:type\" content=\"image\/png\" \/>\n<meta name=\"twitter:card\" content=\"summary_large_image\" \/>\n<meta name=\"twitter:label1\" content=\"Est. tempo de leitura\" \/>\n\t<meta name=\"twitter:data1\" content=\"1 minuto\" \/>\n<script type=\"application\/ld+json\" class=\"yoast-schema-graph\">{\"@context\":\"https:\/\/schema.org\",\"@graph\":[{\"@type\":\"WebPage\",\"@id\":\"https:\/\/www.aquafast.com.br\/es\/produto\/limpiador-multiuso-fuerza-o2-500ml\/\",\"url\":\"https:\/\/www.aquafast.com.br\/es\/produto\/limpiador-multiuso-fuerza-o2-500ml\/\",\"name\":\"Limpiador Multiuso Poder O2 Pulverizador 500ml - Aquafast ES\",\"isPartOf\":{\"@id\":\"https:\/\/www.aquafast.com.br\/es\/#website\"},\"primaryImageOfPage\":{\"@id\":\"https:\/\/www.aquafast.com.br\/es\/produto\/limpiador-multiuso-fuerza-o2-500ml\/#primaryimage\"},\"image\":{\"@id\":\"https:\/\/www.aquafast.com.br\/es\/produto\/limpiador-multiuso-fuerza-o2-500ml\/#primaryimage\"},\"thumbnailUrl\":\"https:\/\/www.aquafast.com.br\/es\/wp-content\/uploads\/sites\/4\/2026\/02\/Multiuso-Aquafast-Poder-O2-500ml-Spray-2026-scaled.png\",\"datePublished\":\"2026-02-18T18:02:55+00:00\",\"dateModified\":\"2026-03-23T12:33:05+00:00\",\"breadcrumb\":{\"@id\":\"https:\/\/www.aquafast.com.br\/es\/produto\/limpiador-multiuso-fuerza-o2-500ml\/#breadcrumb\"},\"inLanguage\":\"pt-BR\",\"potentialAction\":[{\"@type\":\"ReadAction\",\"target\":[\"https:\/\/www.aquafast.com.br\/es\/produto\/limpiador-multiuso-fuerza-o2-500ml\/\"]}]},{\"@type\":\"ImageObject\",\"inLanguage\":\"pt-BR\",\"@id\":\"https:\/\/www.aquafast.com.br\/es\/produto\/limpiador-multiuso-fuerza-o2-500ml\/#primaryimage\",\"url\":\"https:\/\/www.aquafast.com.br\/es\/wp-content\/uploads\/sites\/4\/2026\/02\/Multiuso-Aquafast-Poder-O2-500ml-Spray-2026-scaled.png\",\"contentUrl\":\"https:\/\/www.aquafast.com.br\/es\/wp-content\/uploads\/sites\/4\/2026\/02\/Multiuso-Aquafast-Poder-O2-500ml-Spray-2026-scaled.png\",\"width\":2560,\"height\":2560},{\"@type\":\"BreadcrumbList\",\"@id\":\"https:\/\/www.aquafast.com.br\/es\/produto\/limpiador-multiuso-fuerza-o2-500ml\/#breadcrumb\",\"itemListElement\":[{\"@type\":\"ListItem\",\"position\":1,\"name\":\"In\u00edcio\",\"item\":\"https:\/\/www.aquafast.com.br\/es\/\"},{\"@type\":\"ListItem\",\"position\":2,\"name\":\"Produtos\",\"item\":\"https:\/\/www.aquafast.com.br\/es\/loja\/\"},{\"@type\":\"ListItem\",\"position\":3,\"name\":\"Limpiador Multiuso Poder O2 Pulverizador 500ml\"}]},{\"@type\":\"WebSite\",\"@id\":\"https:\/\/www.aquafast.com.br\/es\/#website\",\"url\":\"https:\/\/www.aquafast.com.br\/es\/\",\"name\":\"Aquafast ES\",\"description\":\"\",\"potentialAction\":[{\"@type\":\"SearchAction\",\"target\":{\"@type\":\"EntryPoint\",\"urlTemplate\":\"https:\/\/www.aquafast.com.br\/es\/?s={search_term_string}\"},\"query-input\":{\"@type\":\"PropertyValueSpecification\",\"valueRequired\":true,\"valueName\":\"search_term_string\"}}],\"inLanguage\":\"pt-BR\"}]}<\/script>\n<!-- \/ Yoast SEO plugin. -->","yoast_head_json":{"title":"Limpiador Multiuso Poder O2 Pulverizador 500ml - Aquafast ES","robots":{"index":"index","follow":"follow","max-snippet":"max-snippet:-1","max-image-preview":"max-image-preview:large","max-video-preview":"max-video-preview:-1"},"canonical":"https:\/\/www.aquafast.com.br\/es\/produto\/limpiador-multiuso-fuerza-o2-500ml\/","og_locale":"pt_BR","og_type":"article","og_title":"Limpiador Multiuso Poder O2 Pulverizador 500ml - Aquafast ES","og_description":"Multiusos Poder O2: Limpieza profunda con ox\u00edgeno activo que desinfecta y ayuda a blanquear sin cloro, garantizando mayor seguridad y comodidad en el d\u00eda a d\u00eda. Apto para fregaderos, encimeras, azulejos y juntas, tambi\u00e9n act\u00faa como eliminador de moho en manchas oscuras, ampliando su versatilidad y eficacia en toda la casa.","og_url":"https:\/\/www.aquafast.com.br\/es\/produto\/limpiador-multiuso-fuerza-o2-500ml\/","og_site_name":"Aquafast ES","article_modified_time":"2026-03-23T12:33:05+00:00","og_image":[{"width":2560,"height":2560,"url":"https:\/\/www.aquafast.com.br\/es\/wp-content\/uploads\/sites\/4\/2026\/02\/Multiuso-Aquafast-Poder-O2-500ml-Spray-2026-scaled.png","type":"image\/png"}],"twitter_card":"summary_large_image","twitter_misc":{"Est. tempo de leitura":"1 minuto"},"schema":{"@context":"https:\/\/schema.org","@graph":[{"@type":"WebPage","@id":"https:\/\/www.aquafast.com.br\/es\/produto\/limpiador-multiuso-fuerza-o2-500ml\/","url":"https:\/\/www.aquafast.com.br\/es\/produto\/limpiador-multiuso-fuerza-o2-500ml\/","name":"Limpiador Multiuso Poder O2 Pulverizador 500ml - Aquafast ES","isPartOf":{"@id":"https:\/\/www.aquafast.com.br\/es\/#website"},"primaryImageOfPage":{"@id":"https:\/\/www.aquafast.com.br\/es\/produto\/limpiador-multiuso-fuerza-o2-500ml\/#primaryimage"},"image":{"@id":"https:\/\/www.aquafast.com.br\/es\/produto\/limpiador-multiuso-fuerza-o2-500ml\/#primaryimage"},"thumbnailUrl":"https:\/\/www.aquafast.com.br\/es\/wp-content\/uploads\/sites\/4\/2026\/02\/Multiuso-Aquafast-Poder-O2-500ml-Spray-2026-scaled.png","datePublished":"2026-02-18T18:02:55+00:00","dateModified":"2026-03-23T12:33:05+00:00","breadcrumb":{"@id":"https:\/\/www.aquafast.com.br\/es\/produto\/limpiador-multiuso-fuerza-o2-500ml\/#breadcrumb"},"inLanguage":"pt-BR","potentialAction":[{"@type":"ReadAction","target":["https:\/\/www.aquafast.com.br\/es\/produto\/limpiador-multiuso-fuerza-o2-500ml\/"]}]},{"@type":"ImageObject","inLanguage":"pt-BR","@id":"https:\/\/www.aquafast.com.br\/es\/produto\/limpiador-multiuso-fuerza-o2-500ml\/#primaryimage","url":"https:\/\/www.aquafast.com.br\/es\/wp-content\/uploads\/sites\/4\/2026\/02\/Multiuso-Aquafast-Poder-O2-500ml-Spray-2026-scaled.png","contentUrl":"https:\/\/www.aquafast.com.br\/es\/wp-content\/uploads\/sites\/4\/2026\/02\/Multiuso-Aquafast-Poder-O2-500ml-Spray-2026-scaled.png","width":2560,"height":2560},{"@type":"BreadcrumbList","@id":"https:\/\/www.aquafast.com.br\/es\/produto\/limpiador-multiuso-fuerza-o2-500ml\/#breadcrumb","itemListElement":[{"@type":"ListItem","position":1,"name":"In\u00edcio","item":"https:\/\/www.aquafast.com.br\/es\/"},{"@type":"ListItem","position":2,"name":"Produtos","item":"https:\/\/www.aquafast.com.br\/es\/loja\/"},{"@type":"ListItem","position":3,"name":"Limpiador Multiuso Poder O2 Pulverizador 500ml"}]},{"@type":"WebSite","@id":"https:\/\/www.aquafast.com.br\/es\/#website","url":"https:\/\/www.aquafast.com.br\/es\/","name":"Aquafast ES","description":"","potentialAction":[{"@type":"SearchAction","target":{"@type":"EntryPoint","urlTemplate":"https:\/\/www.aquafast.com.br\/es\/?s={search_term_string}"},"query-input":{"@type":"PropertyValueSpecification","valueRequired":true,"valueName":"search_term_string"}}],"inLanguage":"pt-BR"}]}},"_links":{"self":[{"href":"https:\/\/www.aquafast.com.br\/es\/wp-json\/wp\/v2\/product\/3678","targetHints":{"allow":["GET"]}}],"collection":[{"href":"https:\/\/www.aquafast.com.br\/es\/wp-json\/wp\/v2\/product"}],"about":[{"href":"https:\/\/www.aquafast.com.br\/es\/wp-json\/wp\/v2\/types\/product"}],"replies":[{"embeddable":true,"href":"https:\/\/www.aquafast.com.br\/es\/wp-json\/wp\/v2\/comments?post=3678"}],"wp:featuredmedia":[{"embeddable":true,"href":"https:\/\/www.aquafast.com.br\/es\/wp-json\/wp\/v2\/media\/3674"}],"wp:attachment":[{"href":"https:\/\/www.aquafast.com.br\/es\/wp-json\/wp\/v2\/media?parent=3678"}],"wp:term":[{"taxonomy":"product_brand","embeddable":true,"href":"https:\/\/www.aquafast.com.br\/es\/wp-json\/wp\/v2\/product_brand?post=3678"},{"taxonomy":"product_cat","embeddable":true,"href":"https:\/\/www.aquafast.com.br\/es\/wp-json\/wp\/v2\/product_cat?post=3678"},{"taxonomy":"product_tag","embeddable":true,"href":"https:\/\/www.aquafast.com.br\/es\/wp-json\/wp\/v2\/product_tag?post=3678"}],"curies":[{"name":"wp","href":"https:\/\/api.w.org\/{rel}","templated":true}]}}