{"id":3584,"date":"2026-01-06T14:37:11","date_gmt":"2026-01-06T17:37:11","guid":{"rendered":"https:\/\/www.aquafast.com.br\/es\/?post_type=product&#038;p=3584"},"modified":"2026-02-20T16:28:46","modified_gmt":"2026-02-20T19:28:46","slug":"lava-ropa-liquido-lavado-rapido-total-clean-1l","status":"publish","type":"product","link":"https:\/\/www.aquafast.com.br\/es\/produto\/lava-ropa-liquido-lavado-rapido-total-clean-1l\/","title":{"rendered":"Lava Ropa L\u00edquido Lavado R\u00e1pido Total Clean 1L"},"content":{"rendered":"<p>Lava Ropa L\u00edquido Lavado R\u00e1pido Total Clean 1L<\/p>\n<p>Contenido de la caja: 12 unid. x 1L.<\/p>\n<p>Paletizaci\u00f3n: 13 cajas (base) x 5 cajas (altura) = 65 cajas.<\/p>\n<p>&nbsp;<\/p>\n<p><strong>Versi\u00f3n: LAVA ROPA L\u00cdQUIDO AQUAFAST LAVADO R\u00c1PIDO TOTAL CLEAN 1L<\/strong><\/p>\n<p>C\u00f3digo interno: 20.20.0072<\/p>\n<p>C\u00f3digo EAN (unidad): 789.830200645-4<\/p>\n<p>C\u00f3digo DUN (caja): 1 789830200645 1<\/p>\n","protected":false},"excerpt":{"rendered":"<p>El lava ropa l\u00edquido para ropa Lavado R\u00e1pido Aquafast tiene una f\u00f3rmula de acci\u00f3n r\u00e1pida que elimina la suciedad diaria en tan solo 15 minutos, preserva las telas y libera fragancias dise\u00f1adas para brindar ligereza, frescura y un aroma duradero. Con tecnolog\u00eda de control de olores y una sensaci\u00f3n de limpieza profunda, su ropa se sentir\u00e1 fresca, agradable al tacto y perfumada por mucho m\u00e1s tiempo.<\/p>\n","protected":false},"featured_media":3714,"comment_status":"open","ping_status":"closed","template":"","meta":{"_acf_changed":false,"inline_featured_image":false},"product_brand":[],"product_cat":[39],"product_tag":[],"class_list":{"0":"post-3584","1":"product","2":"type-product","3":"status-publish","4":"has-post-thumbnail","6":"product_cat-lava-ropa","8":"first","9":"instock","10":"downloadable","11":"virtual","12":"product-type-simple"},"acf":[],"yoast_head":"<!-- This site is optimized with the Yoast SEO plugin v24.9 - https:\/\/yoast.com\/wordpress\/plugins\/seo\/ -->\n<title>Lava Ropa L\u00edquido Lavado R\u00e1pido Total Clean 1L - Aquafast ES<\/title>\n<meta name=\"robots\" content=\"index, follow, max-snippet:-1, max-image-preview:large, max-video-preview:-1\" \/>\n<link rel=\"canonical\" href=\"https:\/\/www.aquafast.com.br\/es\/produto\/lava-ropa-liquido-lavado-rapido-total-clean-1l\/\" \/>\n<meta property=\"og:locale\" content=\"pt_BR\" \/>\n<meta property=\"og:type\" content=\"article\" \/>\n<meta property=\"og:title\" content=\"Lava Ropa L\u00edquido Lavado R\u00e1pido Total Clean 1L - Aquafast ES\" \/>\n<meta property=\"og:description\" content=\"El lava ropa l\u00edquido para ropa Lavado R\u00e1pido Aquafast tiene una f\u00f3rmula de acci\u00f3n r\u00e1pida que elimina la suciedad diaria en tan solo 15 minutos, preserva las telas y libera fragancias dise\u00f1adas para brindar ligereza, frescura y un aroma duradero. Con tecnolog\u00eda de control de olores y una sensaci\u00f3n de limpieza profunda, su ropa se sentir\u00e1 fresca, agradable al tacto y perfumada por mucho m\u00e1s tiempo.\" \/>\n<meta property=\"og:url\" content=\"https:\/\/www.aquafast.com.br\/es\/produto\/lava-ropa-liquido-lavado-rapido-total-clean-1l\/\" \/>\n<meta property=\"og:site_name\" content=\"Aquafast ES\" \/>\n<meta property=\"article:modified_time\" content=\"2026-02-20T19:28:46+00:00\" \/>\n<meta property=\"og:image\" content=\"https:\/\/www.aquafast.com.br\/es\/wp-content\/uploads\/sites\/4\/2026\/02\/Lava-Roupas-Lavagem-Rapida-Total-Clean-1L-scaled.png\" \/>\n\t<meta property=\"og:image:width\" content=\"2560\" \/>\n\t<meta property=\"og:image:height\" content=\"2560\" \/>\n\t<meta property=\"og:image:type\" content=\"image\/png\" \/>\n<meta name=\"twitter:card\" content=\"summary_large_image\" \/>\n<meta name=\"twitter:label1\" content=\"Est. tempo de leitura\" \/>\n\t<meta name=\"twitter:data1\" content=\"1 minuto\" \/>\n<script type=\"application\/ld+json\" class=\"yoast-schema-graph\">{\"@context\":\"https:\/\/schema.org\",\"@graph\":[{\"@type\":\"WebPage\",\"@id\":\"https:\/\/www.aquafast.com.br\/es\/produto\/lava-ropa-liquido-lavado-rapido-total-clean-1l\/\",\"url\":\"https:\/\/www.aquafast.com.br\/es\/produto\/lava-ropa-liquido-lavado-rapido-total-clean-1l\/\",\"name\":\"Lava Ropa L\u00edquido Lavado R\u00e1pido Total Clean 1L - Aquafast ES\",\"isPartOf\":{\"@id\":\"https:\/\/www.aquafast.com.br\/es\/#website\"},\"primaryImageOfPage\":{\"@id\":\"https:\/\/www.aquafast.com.br\/es\/produto\/lava-ropa-liquido-lavado-rapido-total-clean-1l\/#primaryimage\"},\"image\":{\"@id\":\"https:\/\/www.aquafast.com.br\/es\/produto\/lava-ropa-liquido-lavado-rapido-total-clean-1l\/#primaryimage\"},\"thumbnailUrl\":\"https:\/\/www.aquafast.com.br\/es\/wp-content\/uploads\/sites\/4\/2026\/02\/Lava-Roupas-Lavagem-Rapida-Total-Clean-1L-scaled.png\",\"datePublished\":\"2026-01-06T17:37:11+00:00\",\"dateModified\":\"2026-02-20T19:28:46+00:00\",\"breadcrumb\":{\"@id\":\"https:\/\/www.aquafast.com.br\/es\/produto\/lava-ropa-liquido-lavado-rapido-total-clean-1l\/#breadcrumb\"},\"inLanguage\":\"pt-BR\",\"potentialAction\":[{\"@type\":\"ReadAction\",\"target\":[\"https:\/\/www.aquafast.com.br\/es\/produto\/lava-ropa-liquido-lavado-rapido-total-clean-1l\/\"]}]},{\"@type\":\"ImageObject\",\"inLanguage\":\"pt-BR\",\"@id\":\"https:\/\/www.aquafast.com.br\/es\/produto\/lava-ropa-liquido-lavado-rapido-total-clean-1l\/#primaryimage\",\"url\":\"https:\/\/www.aquafast.com.br\/es\/wp-content\/uploads\/sites\/4\/2026\/02\/Lava-Roupas-Lavagem-Rapida-Total-Clean-1L-scaled.png\",\"contentUrl\":\"https:\/\/www.aquafast.com.br\/es\/wp-content\/uploads\/sites\/4\/2026\/02\/Lava-Roupas-Lavagem-Rapida-Total-Clean-1L-scaled.png\",\"width\":2560,\"height\":2560},{\"@type\":\"BreadcrumbList\",\"@id\":\"https:\/\/www.aquafast.com.br\/es\/produto\/lava-ropa-liquido-lavado-rapido-total-clean-1l\/#breadcrumb\",\"itemListElement\":[{\"@type\":\"ListItem\",\"position\":1,\"name\":\"In\u00edcio\",\"item\":\"https:\/\/www.aquafast.com.br\/es\/\"},{\"@type\":\"ListItem\",\"position\":2,\"name\":\"Produtos\",\"item\":\"https:\/\/www.aquafast.com.br\/es\/loja\/\"},{\"@type\":\"ListItem\",\"position\":3,\"name\":\"Lava Ropa L\u00edquido Lavado R\u00e1pido Total Clean 1L\"}]},{\"@type\":\"WebSite\",\"@id\":\"https:\/\/www.aquafast.com.br\/es\/#website\",\"url\":\"https:\/\/www.aquafast.com.br\/es\/\",\"name\":\"Aquafast ES\",\"description\":\"\",\"potentialAction\":[{\"@type\":\"SearchAction\",\"target\":{\"@type\":\"EntryPoint\",\"urlTemplate\":\"https:\/\/www.aquafast.com.br\/es\/?s={search_term_string}\"},\"query-input\":{\"@type\":\"PropertyValueSpecification\",\"valueRequired\":true,\"valueName\":\"search_term_string\"}}],\"inLanguage\":\"pt-BR\"}]}<\/script>\n<!-- \/ Yoast SEO plugin. -->","yoast_head_json":{"title":"Lava Ropa L\u00edquido Lavado R\u00e1pido Total Clean 1L - Aquafast ES","robots":{"index":"index","follow":"follow","max-snippet":"max-snippet:-1","max-image-preview":"max-image-preview:large","max-video-preview":"max-video-preview:-1"},"canonical":"https:\/\/www.aquafast.com.br\/es\/produto\/lava-ropa-liquido-lavado-rapido-total-clean-1l\/","og_locale":"pt_BR","og_type":"article","og_title":"Lava Ropa L\u00edquido Lavado R\u00e1pido Total Clean 1L - Aquafast ES","og_description":"El lava ropa l\u00edquido para ropa Lavado R\u00e1pido Aquafast tiene una f\u00f3rmula de acci\u00f3n r\u00e1pida que elimina la suciedad diaria en tan solo 15 minutos, preserva las telas y libera fragancias dise\u00f1adas para brindar ligereza, frescura y un aroma duradero. Con tecnolog\u00eda de control de olores y una sensaci\u00f3n de limpieza profunda, su ropa se sentir\u00e1 fresca, agradable al tacto y perfumada por mucho m\u00e1s tiempo.","og_url":"https:\/\/www.aquafast.com.br\/es\/produto\/lava-ropa-liquido-lavado-rapido-total-clean-1l\/","og_site_name":"Aquafast ES","article_modified_time":"2026-02-20T19:28:46+00:00","og_image":[{"width":2560,"height":2560,"url":"https:\/\/www.aquafast.com.br\/es\/wp-content\/uploads\/sites\/4\/2026\/02\/Lava-Roupas-Lavagem-Rapida-Total-Clean-1L-scaled.png","type":"image\/png"}],"twitter_card":"summary_large_image","twitter_misc":{"Est. tempo de leitura":"1 minuto"},"schema":{"@context":"https:\/\/schema.org","@graph":[{"@type":"WebPage","@id":"https:\/\/www.aquafast.com.br\/es\/produto\/lava-ropa-liquido-lavado-rapido-total-clean-1l\/","url":"https:\/\/www.aquafast.com.br\/es\/produto\/lava-ropa-liquido-lavado-rapido-total-clean-1l\/","name":"Lava Ropa L\u00edquido Lavado R\u00e1pido Total Clean 1L - Aquafast ES","isPartOf":{"@id":"https:\/\/www.aquafast.com.br\/es\/#website"},"primaryImageOfPage":{"@id":"https:\/\/www.aquafast.com.br\/es\/produto\/lava-ropa-liquido-lavado-rapido-total-clean-1l\/#primaryimage"},"image":{"@id":"https:\/\/www.aquafast.com.br\/es\/produto\/lava-ropa-liquido-lavado-rapido-total-clean-1l\/#primaryimage"},"thumbnailUrl":"https:\/\/www.aquafast.com.br\/es\/wp-content\/uploads\/sites\/4\/2026\/02\/Lava-Roupas-Lavagem-Rapida-Total-Clean-1L-scaled.png","datePublished":"2026-01-06T17:37:11+00:00","dateModified":"2026-02-20T19:28:46+00:00","breadcrumb":{"@id":"https:\/\/www.aquafast.com.br\/es\/produto\/lava-ropa-liquido-lavado-rapido-total-clean-1l\/#breadcrumb"},"inLanguage":"pt-BR","potentialAction":[{"@type":"ReadAction","target":["https:\/\/www.aquafast.com.br\/es\/produto\/lava-ropa-liquido-lavado-rapido-total-clean-1l\/"]}]},{"@type":"ImageObject","inLanguage":"pt-BR","@id":"https:\/\/www.aquafast.com.br\/es\/produto\/lava-ropa-liquido-lavado-rapido-total-clean-1l\/#primaryimage","url":"https:\/\/www.aquafast.com.br\/es\/wp-content\/uploads\/sites\/4\/2026\/02\/Lava-Roupas-Lavagem-Rapida-Total-Clean-1L-scaled.png","contentUrl":"https:\/\/www.aquafast.com.br\/es\/wp-content\/uploads\/sites\/4\/2026\/02\/Lava-Roupas-Lavagem-Rapida-Total-Clean-1L-scaled.png","width":2560,"height":2560},{"@type":"BreadcrumbList","@id":"https:\/\/www.aquafast.com.br\/es\/produto\/lava-ropa-liquido-lavado-rapido-total-clean-1l\/#breadcrumb","itemListElement":[{"@type":"ListItem","position":1,"name":"In\u00edcio","item":"https:\/\/www.aquafast.com.br\/es\/"},{"@type":"ListItem","position":2,"name":"Produtos","item":"https:\/\/www.aquafast.com.br\/es\/loja\/"},{"@type":"ListItem","position":3,"name":"Lava Ropa L\u00edquido Lavado R\u00e1pido Total Clean 1L"}]},{"@type":"WebSite","@id":"https:\/\/www.aquafast.com.br\/es\/#website","url":"https:\/\/www.aquafast.com.br\/es\/","name":"Aquafast ES","description":"","potentialAction":[{"@type":"SearchAction","target":{"@type":"EntryPoint","urlTemplate":"https:\/\/www.aquafast.com.br\/es\/?s={search_term_string}"},"query-input":{"@type":"PropertyValueSpecification","valueRequired":true,"valueName":"search_term_string"}}],"inLanguage":"pt-BR"}]}},"_links":{"self":[{"href":"https:\/\/www.aquafast.com.br\/es\/wp-json\/wp\/v2\/product\/3584","targetHints":{"allow":["GET"]}}],"collection":[{"href":"https:\/\/www.aquafast.com.br\/es\/wp-json\/wp\/v2\/product"}],"about":[{"href":"https:\/\/www.aquafast.com.br\/es\/wp-json\/wp\/v2\/types\/product"}],"replies":[{"embeddable":true,"href":"https:\/\/www.aquafast.com.br\/es\/wp-json\/wp\/v2\/comments?post=3584"}],"wp:featuredmedia":[{"embeddable":true,"href":"https:\/\/www.aquafast.com.br\/es\/wp-json\/wp\/v2\/media\/3714"}],"wp:attachment":[{"href":"https:\/\/www.aquafast.com.br\/es\/wp-json\/wp\/v2\/media?parent=3584"}],"wp:term":[{"taxonomy":"product_brand","embeddable":true,"href":"https:\/\/www.aquafast.com.br\/es\/wp-json\/wp\/v2\/product_brand?post=3584"},{"taxonomy":"product_cat","embeddable":true,"href":"https:\/\/www.aquafast.com.br\/es\/wp-json\/wp\/v2\/product_cat?post=3584"},{"taxonomy":"product_tag","embeddable":true,"href":"https:\/\/www.aquafast.com.br\/es\/wp-json\/wp\/v2\/product_tag?post=3584"}],"curies":[{"name":"wp","href":"https:\/\/api.w.org\/{rel}","templated":true}]}}