{"id":2242,"date":"2025-06-06T11:23:00","date_gmt":"2025-06-06T14:23:00","guid":{"rendered":"https:\/\/www.aquafast.com.br\/es\/?post_type=product&#038;p=2242"},"modified":"2025-08-05T10:44:56","modified_gmt":"2025-08-05T13:44:56","slug":"suavizante-rojo-seduccion-5l","status":"publish","type":"product","link":"https:\/\/www.aquafast.com.br\/es\/produto\/suavizante-rojo-seduccion-5l\/","title":{"rendered":"Suavizante Rojo Seducci\u00f3n 5L"},"content":{"rendered":"<p>Suavizante para Ropa 5L<\/p>\n<p>Contenido de la caja: 04 unid. x 5L.<\/p>\n<p>Paletizaci\u00f3n: 10 cajas (base) x 4 cajas (altura) = 40 cajas.<\/p>\n<p>&nbsp;<\/p>\n<p><strong>Versi\u00f3n:<\/strong> <strong>SUAVIZANTE AQUAFAST ROJO SEDUCCI\u00d3N 5L<\/strong><\/p>\n<p>C\u00f3digo Interno: 20.04.0086<\/p>\n<p>C\u00f3digo EAN (unidad): 789.8302.00581-5<\/p>\n<p>C\u00f3digo DUN (caja): 4 789830200581 3<\/p>\n","protected":false},"excerpt":{"rendered":"<p>O Amaciante Aquafast foi especialmente desenvolvido para deixar as roupas macias e com perfume suave. Agrega economia e praticidade. Deixa o tecido agrad\u00e1vel ao tato e facilita o processo de passar roupa. Os amaciantes Aquafast s\u00e3o divididos em dois tipos: tradicionais\u00a0e sensoriais.<\/p>\n<p>*Tradicionais: Os amaciantes tradicionais t\u00eam perfume cl\u00e1ssico. Cuidam das roupas e proporcionam cheirinho de roupa limpa.<br \/>\n*Sensoriais: Os amaciantes sensoriais apresentam perfuma\u00e7\u00e3o diferenciada, traz credenciais de perfumaria fina e muita sofistica\u00e7\u00e3o.<\/p>\n","protected":false},"featured_media":2451,"comment_status":"open","ping_status":"closed","template":"","meta":{"_acf_changed":false,"inline_featured_image":false},"product_brand":[],"product_cat":[32],"product_tag":[],"class_list":{"0":"post-2242","1":"product","2":"type-product","3":"status-publish","4":"has-post-thumbnail","6":"product_cat-suavizante-para-ropa","8":"first","9":"instock","10":"downloadable","11":"virtual","12":"product-type-simple"},"acf":[],"yoast_head":"<!-- This site is optimized with the Yoast SEO plugin v24.9 - https:\/\/yoast.com\/wordpress\/plugins\/seo\/ -->\n<title>Suavizante Rojo Seducci\u00f3n 5L - Aquafast ES<\/title>\n<meta name=\"robots\" content=\"index, follow, max-snippet:-1, max-image-preview:large, max-video-preview:-1\" \/>\n<link rel=\"canonical\" href=\"https:\/\/www.aquafast.com.br\/es\/produto\/suavizante-rojo-seduccion-5l\/\" \/>\n<meta property=\"og:locale\" content=\"pt_BR\" \/>\n<meta property=\"og:type\" content=\"article\" \/>\n<meta property=\"og:title\" content=\"Suavizante Rojo Seducci\u00f3n 5L - Aquafast ES\" \/>\n<meta property=\"og:description\" content=\"O Amaciante Aquafast foi especialmente desenvolvido para deixar as roupas macias e com perfume suave. Agrega economia e praticidade. Deixa o tecido agrad\u00e1vel ao tato e facilita o processo de passar roupa. Os amaciantes Aquafast s\u00e3o divididos em dois tipos: tradicionais\u00a0e sensoriais.  *Tradicionais: Os amaciantes tradicionais t\u00eam perfume cl\u00e1ssico. Cuidam das roupas e proporcionam cheirinho de roupa limpa. *Sensoriais: Os amaciantes sensoriais apresentam perfuma\u00e7\u00e3o diferenciada, traz credenciais de perfumaria fina e muita sofistica\u00e7\u00e3o.\" \/>\n<meta property=\"og:url\" content=\"https:\/\/www.aquafast.com.br\/es\/produto\/suavizante-rojo-seduccion-5l\/\" \/>\n<meta property=\"og:site_name\" content=\"Aquafast ES\" \/>\n<meta property=\"article:modified_time\" content=\"2025-08-05T13:44:56+00:00\" \/>\n<meta property=\"og:image\" content=\"https:\/\/www.aquafast.com.br\/es\/wp-content\/uploads\/sites\/4\/2025\/06\/Amaciante-Aquafast-Vermelho-Seducao-5L-2023-scaled.webp\" \/>\n\t<meta property=\"og:image:width\" content=\"1\" \/>\n\t<meta property=\"og:image:height\" content=\"1\" \/>\n\t<meta property=\"og:image:type\" content=\"image\/png\" \/>\n<meta name=\"twitter:card\" content=\"summary_large_image\" \/>\n<meta name=\"twitter:label1\" content=\"Est. tempo de leitura\" \/>\n\t<meta name=\"twitter:data1\" content=\"1 minuto\" \/>\n<script type=\"application\/ld+json\" class=\"yoast-schema-graph\">{\"@context\":\"https:\/\/schema.org\",\"@graph\":[{\"@type\":\"WebPage\",\"@id\":\"https:\/\/www.aquafast.com.br\/es\/produto\/suavizante-rojo-seduccion-5l\/\",\"url\":\"https:\/\/www.aquafast.com.br\/es\/produto\/suavizante-rojo-seduccion-5l\/\",\"name\":\"Suavizante Rojo Seducci\u00f3n 5L - Aquafast ES\",\"isPartOf\":{\"@id\":\"https:\/\/www.aquafast.com.br\/es\/#website\"},\"primaryImageOfPage\":{\"@id\":\"https:\/\/www.aquafast.com.br\/es\/produto\/suavizante-rojo-seduccion-5l\/#primaryimage\"},\"image\":{\"@id\":\"https:\/\/www.aquafast.com.br\/es\/produto\/suavizante-rojo-seduccion-5l\/#primaryimage\"},\"thumbnailUrl\":\"https:\/\/www.aquafast.com.br\/es\/wp-content\/uploads\/sites\/4\/2025\/06\/Amaciante-Aquafast-Vermelho-Seducao-5L-2023-scaled.webp\",\"datePublished\":\"2025-06-06T14:23:00+00:00\",\"dateModified\":\"2025-08-05T13:44:56+00:00\",\"breadcrumb\":{\"@id\":\"https:\/\/www.aquafast.com.br\/es\/produto\/suavizante-rojo-seduccion-5l\/#breadcrumb\"},\"inLanguage\":\"pt-BR\",\"potentialAction\":[{\"@type\":\"ReadAction\",\"target\":[\"https:\/\/www.aquafast.com.br\/es\/produto\/suavizante-rojo-seduccion-5l\/\"]}]},{\"@type\":\"ImageObject\",\"inLanguage\":\"pt-BR\",\"@id\":\"https:\/\/www.aquafast.com.br\/es\/produto\/suavizante-rojo-seduccion-5l\/#primaryimage\",\"url\":\"https:\/\/www.aquafast.com.br\/es\/wp-content\/uploads\/sites\/4\/2025\/06\/Amaciante-Aquafast-Vermelho-Seducao-5L-2023-scaled.webp\",\"contentUrl\":\"https:\/\/www.aquafast.com.br\/es\/wp-content\/uploads\/sites\/4\/2025\/06\/Amaciante-Aquafast-Vermelho-Seducao-5L-2023-scaled.webp\"},{\"@type\":\"BreadcrumbList\",\"@id\":\"https:\/\/www.aquafast.com.br\/es\/produto\/suavizante-rojo-seduccion-5l\/#breadcrumb\",\"itemListElement\":[{\"@type\":\"ListItem\",\"position\":1,\"name\":\"In\u00edcio\",\"item\":\"https:\/\/www.aquafast.com.br\/es\/\"},{\"@type\":\"ListItem\",\"position\":2,\"name\":\"Produtos\",\"item\":\"https:\/\/www.aquafast.com.br\/es\/loja\/\"},{\"@type\":\"ListItem\",\"position\":3,\"name\":\"Suavizante Rojo Seducci\u00f3n 5L\"}]},{\"@type\":\"WebSite\",\"@id\":\"https:\/\/www.aquafast.com.br\/es\/#website\",\"url\":\"https:\/\/www.aquafast.com.br\/es\/\",\"name\":\"Aquafast ES\",\"description\":\"\",\"potentialAction\":[{\"@type\":\"SearchAction\",\"target\":{\"@type\":\"EntryPoint\",\"urlTemplate\":\"https:\/\/www.aquafast.com.br\/es\/?s={search_term_string}\"},\"query-input\":{\"@type\":\"PropertyValueSpecification\",\"valueRequired\":true,\"valueName\":\"search_term_string\"}}],\"inLanguage\":\"pt-BR\"}]}<\/script>\n<!-- \/ Yoast SEO plugin. -->","yoast_head_json":{"title":"Suavizante Rojo Seducci\u00f3n 5L - Aquafast ES","robots":{"index":"index","follow":"follow","max-snippet":"max-snippet:-1","max-image-preview":"max-image-preview:large","max-video-preview":"max-video-preview:-1"},"canonical":"https:\/\/www.aquafast.com.br\/es\/produto\/suavizante-rojo-seduccion-5l\/","og_locale":"pt_BR","og_type":"article","og_title":"Suavizante Rojo Seducci\u00f3n 5L - Aquafast ES","og_description":"O Amaciante Aquafast foi especialmente desenvolvido para deixar as roupas macias e com perfume suave. Agrega economia e praticidade. Deixa o tecido agrad\u00e1vel ao tato e facilita o processo de passar roupa. Os amaciantes Aquafast s\u00e3o divididos em dois tipos: tradicionais\u00a0e sensoriais.  *Tradicionais: Os amaciantes tradicionais t\u00eam perfume cl\u00e1ssico. Cuidam das roupas e proporcionam cheirinho de roupa limpa. *Sensoriais: Os amaciantes sensoriais apresentam perfuma\u00e7\u00e3o diferenciada, traz credenciais de perfumaria fina e muita sofistica\u00e7\u00e3o.","og_url":"https:\/\/www.aquafast.com.br\/es\/produto\/suavizante-rojo-seduccion-5l\/","og_site_name":"Aquafast ES","article_modified_time":"2025-08-05T13:44:56+00:00","og_image":[{"url":"https:\/\/www.aquafast.com.br\/es\/wp-content\/uploads\/sites\/4\/2025\/06\/Amaciante-Aquafast-Vermelho-Seducao-5L-2023-scaled.webp","width":1,"height":1,"type":"image\/png"}],"twitter_card":"summary_large_image","twitter_misc":{"Est. tempo de leitura":"1 minuto"},"schema":{"@context":"https:\/\/schema.org","@graph":[{"@type":"WebPage","@id":"https:\/\/www.aquafast.com.br\/es\/produto\/suavizante-rojo-seduccion-5l\/","url":"https:\/\/www.aquafast.com.br\/es\/produto\/suavizante-rojo-seduccion-5l\/","name":"Suavizante Rojo Seducci\u00f3n 5L - Aquafast ES","isPartOf":{"@id":"https:\/\/www.aquafast.com.br\/es\/#website"},"primaryImageOfPage":{"@id":"https:\/\/www.aquafast.com.br\/es\/produto\/suavizante-rojo-seduccion-5l\/#primaryimage"},"image":{"@id":"https:\/\/www.aquafast.com.br\/es\/produto\/suavizante-rojo-seduccion-5l\/#primaryimage"},"thumbnailUrl":"https:\/\/www.aquafast.com.br\/es\/wp-content\/uploads\/sites\/4\/2025\/06\/Amaciante-Aquafast-Vermelho-Seducao-5L-2023-scaled.webp","datePublished":"2025-06-06T14:23:00+00:00","dateModified":"2025-08-05T13:44:56+00:00","breadcrumb":{"@id":"https:\/\/www.aquafast.com.br\/es\/produto\/suavizante-rojo-seduccion-5l\/#breadcrumb"},"inLanguage":"pt-BR","potentialAction":[{"@type":"ReadAction","target":["https:\/\/www.aquafast.com.br\/es\/produto\/suavizante-rojo-seduccion-5l\/"]}]},{"@type":"ImageObject","inLanguage":"pt-BR","@id":"https:\/\/www.aquafast.com.br\/es\/produto\/suavizante-rojo-seduccion-5l\/#primaryimage","url":"https:\/\/www.aquafast.com.br\/es\/wp-content\/uploads\/sites\/4\/2025\/06\/Amaciante-Aquafast-Vermelho-Seducao-5L-2023-scaled.webp","contentUrl":"https:\/\/www.aquafast.com.br\/es\/wp-content\/uploads\/sites\/4\/2025\/06\/Amaciante-Aquafast-Vermelho-Seducao-5L-2023-scaled.webp"},{"@type":"BreadcrumbList","@id":"https:\/\/www.aquafast.com.br\/es\/produto\/suavizante-rojo-seduccion-5l\/#breadcrumb","itemListElement":[{"@type":"ListItem","position":1,"name":"In\u00edcio","item":"https:\/\/www.aquafast.com.br\/es\/"},{"@type":"ListItem","position":2,"name":"Produtos","item":"https:\/\/www.aquafast.com.br\/es\/loja\/"},{"@type":"ListItem","position":3,"name":"Suavizante Rojo Seducci\u00f3n 5L"}]},{"@type":"WebSite","@id":"https:\/\/www.aquafast.com.br\/es\/#website","url":"https:\/\/www.aquafast.com.br\/es\/","name":"Aquafast ES","description":"","potentialAction":[{"@type":"SearchAction","target":{"@type":"EntryPoint","urlTemplate":"https:\/\/www.aquafast.com.br\/es\/?s={search_term_string}"},"query-input":{"@type":"PropertyValueSpecification","valueRequired":true,"valueName":"search_term_string"}}],"inLanguage":"pt-BR"}]}},"_links":{"self":[{"href":"https:\/\/www.aquafast.com.br\/es\/wp-json\/wp\/v2\/product\/2242","targetHints":{"allow":["GET"]}}],"collection":[{"href":"https:\/\/www.aquafast.com.br\/es\/wp-json\/wp\/v2\/product"}],"about":[{"href":"https:\/\/www.aquafast.com.br\/es\/wp-json\/wp\/v2\/types\/product"}],"replies":[{"embeddable":true,"href":"https:\/\/www.aquafast.com.br\/es\/wp-json\/wp\/v2\/comments?post=2242"}],"wp:featuredmedia":[{"embeddable":true,"href":"https:\/\/www.aquafast.com.br\/es\/wp-json\/wp\/v2\/media\/2451"}],"wp:attachment":[{"href":"https:\/\/www.aquafast.com.br\/es\/wp-json\/wp\/v2\/media?parent=2242"}],"wp:term":[{"taxonomy":"product_brand","embeddable":true,"href":"https:\/\/www.aquafast.com.br\/es\/wp-json\/wp\/v2\/product_brand?post=2242"},{"taxonomy":"product_cat","embeddable":true,"href":"https:\/\/www.aquafast.com.br\/es\/wp-json\/wp\/v2\/product_cat?post=2242"},{"taxonomy":"product_tag","embeddable":true,"href":"https:\/\/www.aquafast.com.br\/es\/wp-json\/wp\/v2\/product_tag?post=2242"}],"curies":[{"name":"wp","href":"https:\/\/api.w.org\/{rel}","templated":true}]}}