{"id":2233,"date":"2025-06-06T11:22:55","date_gmt":"2025-06-06T14:22:55","guid":{"rendered":"https:\/\/www.aquafast.com.br\/es\/?post_type=product&#038;p=2233"},"modified":"2025-12-05T14:02:38","modified_gmt":"2025-12-05T17:02:38","slug":"suavizante-concentrado-lilas-misterio-15l","status":"publish","type":"product","link":"https:\/\/www.aquafast.com.br\/es\/produto\/suavizante-concentrado-lilas-misterio-15l\/","title":{"rendered":"Suavizante Concentrado Lilas Misterio 1,5L"},"content":{"rendered":"<p>Suavizante Concentrado 1,5L<\/p>\n<p>Contenido de la caja: 09 unid. x 1,5L.<\/p>\n<p>Paletizaci\u00f3n: 13 cajas (base) x 5 cajas (altura) = 65 cajas.<\/p>\n<p>&nbsp;<\/p>\n<p><strong>Versi\u00f3n:<\/strong> <strong>SUAVIZANTE CONCENTRADO AQUAFAST LILA MISTERIO 1,5L<\/strong><\/p>\n<p>C\u00f3digo Interno: 20.15.0053<\/p>\n<p>C\u00f3digo EAN (unidad): 789.8302.00598-3<\/p>\n<p>C\u00f3digo DUN (caja): 6 789830200598 5<\/p>\n","protected":false},"excerpt":{"rendered":"<p>El Suavizante Concentrado Aquafast rinde lo mismo que la versi\u00f3n tradicional de 2 litros, permitiendo un ahorro de hasta un 80% de agua en su proceso de fabricaci\u00f3n. Fue desarrollado para brindar practicidad y econom\u00eda.<\/p>\n<p>Disponible en dos l\u00edneas, Sensorial y Tradicional, los suavizantes concentrados cuentan con c\u00e1psulas de perfume y control de olores, proporcionando un toque suave y una fragancia agradable que dura mucho m\u00e1s tiempo.<\/p>\n","protected":false},"featured_media":3485,"comment_status":"open","ping_status":"closed","template":"","meta":{"_acf_changed":false,"inline_featured_image":false},"product_brand":[],"product_cat":[34],"product_tag":[],"class_list":{"0":"post-2233","1":"product","2":"type-product","3":"status-publish","4":"has-post-thumbnail","6":"product_cat-suavizante-concentrado","8":"first","9":"instock","10":"downloadable","11":"virtual","12":"product-type-simple"},"acf":[],"yoast_head":"<!-- This site is optimized with the Yoast SEO plugin v24.9 - https:\/\/yoast.com\/wordpress\/plugins\/seo\/ -->\n<title>Suavizante Concentrado Lilas Misterio 1,5L - Aquafast ES<\/title>\n<meta name=\"robots\" content=\"index, follow, max-snippet:-1, max-image-preview:large, max-video-preview:-1\" \/>\n<link rel=\"canonical\" href=\"https:\/\/www.aquafast.com.br\/es\/produto\/suavizante-concentrado-lilas-misterio-15l\/\" \/>\n<meta property=\"og:locale\" content=\"pt_BR\" \/>\n<meta property=\"og:type\" content=\"article\" \/>\n<meta property=\"og:title\" content=\"Suavizante Concentrado Lilas Misterio 1,5L - Aquafast ES\" \/>\n<meta property=\"og:description\" content=\"El Suavizante Concentrado Aquafast rinde lo mismo que la versi\u00f3n tradicional de 2 litros, permitiendo un ahorro de hasta un 80% de agua en su proceso de fabricaci\u00f3n. Fue desarrollado para brindar practicidad y econom\u00eda.  Disponible en dos l\u00edneas, Sensorial y Tradicional, los suavizantes concentrados cuentan con c\u00e1psulas de perfume y control de olores, proporcionando un toque suave y una fragancia agradable que dura mucho m\u00e1s tiempo.\" \/>\n<meta property=\"og:url\" content=\"https:\/\/www.aquafast.com.br\/es\/produto\/suavizante-concentrado-lilas-misterio-15l\/\" \/>\n<meta property=\"og:site_name\" content=\"Aquafast ES\" \/>\n<meta property=\"article:modified_time\" content=\"2025-12-05T17:02:38+00:00\" \/>\n<meta property=\"og:image\" content=\"https:\/\/www.aquafast.com.br\/es\/wp-content\/uploads\/sites\/4\/2025\/12\/MKP-MISTERIO_1_5L_INT-scaled.png\" \/>\n\t<meta property=\"og:image:width\" content=\"1209\" \/>\n\t<meta property=\"og:image:height\" content=\"2560\" \/>\n\t<meta property=\"og:image:type\" content=\"image\/png\" \/>\n<meta name=\"twitter:card\" content=\"summary_large_image\" \/>\n<meta name=\"twitter:label1\" content=\"Est. tempo de leitura\" \/>\n\t<meta name=\"twitter:data1\" content=\"1 minuto\" \/>\n<script type=\"application\/ld+json\" class=\"yoast-schema-graph\">{\"@context\":\"https:\/\/schema.org\",\"@graph\":[{\"@type\":\"WebPage\",\"@id\":\"https:\/\/www.aquafast.com.br\/es\/produto\/suavizante-concentrado-lilas-misterio-15l\/\",\"url\":\"https:\/\/www.aquafast.com.br\/es\/produto\/suavizante-concentrado-lilas-misterio-15l\/\",\"name\":\"Suavizante Concentrado Lilas Misterio 1,5L - Aquafast ES\",\"isPartOf\":{\"@id\":\"https:\/\/www.aquafast.com.br\/es\/#website\"},\"primaryImageOfPage\":{\"@id\":\"https:\/\/www.aquafast.com.br\/es\/produto\/suavizante-concentrado-lilas-misterio-15l\/#primaryimage\"},\"image\":{\"@id\":\"https:\/\/www.aquafast.com.br\/es\/produto\/suavizante-concentrado-lilas-misterio-15l\/#primaryimage\"},\"thumbnailUrl\":\"https:\/\/www.aquafast.com.br\/es\/wp-content\/uploads\/sites\/4\/2025\/12\/MKP-MISTERIO_1_5L_INT-scaled.png\",\"datePublished\":\"2025-06-06T14:22:55+00:00\",\"dateModified\":\"2025-12-05T17:02:38+00:00\",\"breadcrumb\":{\"@id\":\"https:\/\/www.aquafast.com.br\/es\/produto\/suavizante-concentrado-lilas-misterio-15l\/#breadcrumb\"},\"inLanguage\":\"pt-BR\",\"potentialAction\":[{\"@type\":\"ReadAction\",\"target\":[\"https:\/\/www.aquafast.com.br\/es\/produto\/suavizante-concentrado-lilas-misterio-15l\/\"]}]},{\"@type\":\"ImageObject\",\"inLanguage\":\"pt-BR\",\"@id\":\"https:\/\/www.aquafast.com.br\/es\/produto\/suavizante-concentrado-lilas-misterio-15l\/#primaryimage\",\"url\":\"https:\/\/www.aquafast.com.br\/es\/wp-content\/uploads\/sites\/4\/2025\/12\/MKP-MISTERIO_1_5L_INT-scaled.png\",\"contentUrl\":\"https:\/\/www.aquafast.com.br\/es\/wp-content\/uploads\/sites\/4\/2025\/12\/MKP-MISTERIO_1_5L_INT-scaled.png\",\"width\":1209,\"height\":2560},{\"@type\":\"BreadcrumbList\",\"@id\":\"https:\/\/www.aquafast.com.br\/es\/produto\/suavizante-concentrado-lilas-misterio-15l\/#breadcrumb\",\"itemListElement\":[{\"@type\":\"ListItem\",\"position\":1,\"name\":\"In\u00edcio\",\"item\":\"https:\/\/www.aquafast.com.br\/es\/\"},{\"@type\":\"ListItem\",\"position\":2,\"name\":\"Produtos\",\"item\":\"https:\/\/www.aquafast.com.br\/es\/loja\/\"},{\"@type\":\"ListItem\",\"position\":3,\"name\":\"Suavizante Concentrado Lilas Misterio 1,5L\"}]},{\"@type\":\"WebSite\",\"@id\":\"https:\/\/www.aquafast.com.br\/es\/#website\",\"url\":\"https:\/\/www.aquafast.com.br\/es\/\",\"name\":\"Aquafast ES\",\"description\":\"\",\"potentialAction\":[{\"@type\":\"SearchAction\",\"target\":{\"@type\":\"EntryPoint\",\"urlTemplate\":\"https:\/\/www.aquafast.com.br\/es\/?s={search_term_string}\"},\"query-input\":{\"@type\":\"PropertyValueSpecification\",\"valueRequired\":true,\"valueName\":\"search_term_string\"}}],\"inLanguage\":\"pt-BR\"}]}<\/script>\n<!-- \/ Yoast SEO plugin. -->","yoast_head_json":{"title":"Suavizante Concentrado Lilas Misterio 1,5L - Aquafast ES","robots":{"index":"index","follow":"follow","max-snippet":"max-snippet:-1","max-image-preview":"max-image-preview:large","max-video-preview":"max-video-preview:-1"},"canonical":"https:\/\/www.aquafast.com.br\/es\/produto\/suavizante-concentrado-lilas-misterio-15l\/","og_locale":"pt_BR","og_type":"article","og_title":"Suavizante Concentrado Lilas Misterio 1,5L - Aquafast ES","og_description":"El Suavizante Concentrado Aquafast rinde lo mismo que la versi\u00f3n tradicional de 2 litros, permitiendo un ahorro de hasta un 80% de agua en su proceso de fabricaci\u00f3n. Fue desarrollado para brindar practicidad y econom\u00eda.  Disponible en dos l\u00edneas, Sensorial y Tradicional, los suavizantes concentrados cuentan con c\u00e1psulas de perfume y control de olores, proporcionando un toque suave y una fragancia agradable que dura mucho m\u00e1s tiempo.","og_url":"https:\/\/www.aquafast.com.br\/es\/produto\/suavizante-concentrado-lilas-misterio-15l\/","og_site_name":"Aquafast ES","article_modified_time":"2025-12-05T17:02:38+00:00","og_image":[{"width":1209,"height":2560,"url":"https:\/\/www.aquafast.com.br\/es\/wp-content\/uploads\/sites\/4\/2025\/12\/MKP-MISTERIO_1_5L_INT-scaled.png","type":"image\/png"}],"twitter_card":"summary_large_image","twitter_misc":{"Est. tempo de leitura":"1 minuto"},"schema":{"@context":"https:\/\/schema.org","@graph":[{"@type":"WebPage","@id":"https:\/\/www.aquafast.com.br\/es\/produto\/suavizante-concentrado-lilas-misterio-15l\/","url":"https:\/\/www.aquafast.com.br\/es\/produto\/suavizante-concentrado-lilas-misterio-15l\/","name":"Suavizante Concentrado Lilas Misterio 1,5L - Aquafast ES","isPartOf":{"@id":"https:\/\/www.aquafast.com.br\/es\/#website"},"primaryImageOfPage":{"@id":"https:\/\/www.aquafast.com.br\/es\/produto\/suavizante-concentrado-lilas-misterio-15l\/#primaryimage"},"image":{"@id":"https:\/\/www.aquafast.com.br\/es\/produto\/suavizante-concentrado-lilas-misterio-15l\/#primaryimage"},"thumbnailUrl":"https:\/\/www.aquafast.com.br\/es\/wp-content\/uploads\/sites\/4\/2025\/12\/MKP-MISTERIO_1_5L_INT-scaled.png","datePublished":"2025-06-06T14:22:55+00:00","dateModified":"2025-12-05T17:02:38+00:00","breadcrumb":{"@id":"https:\/\/www.aquafast.com.br\/es\/produto\/suavizante-concentrado-lilas-misterio-15l\/#breadcrumb"},"inLanguage":"pt-BR","potentialAction":[{"@type":"ReadAction","target":["https:\/\/www.aquafast.com.br\/es\/produto\/suavizante-concentrado-lilas-misterio-15l\/"]}]},{"@type":"ImageObject","inLanguage":"pt-BR","@id":"https:\/\/www.aquafast.com.br\/es\/produto\/suavizante-concentrado-lilas-misterio-15l\/#primaryimage","url":"https:\/\/www.aquafast.com.br\/es\/wp-content\/uploads\/sites\/4\/2025\/12\/MKP-MISTERIO_1_5L_INT-scaled.png","contentUrl":"https:\/\/www.aquafast.com.br\/es\/wp-content\/uploads\/sites\/4\/2025\/12\/MKP-MISTERIO_1_5L_INT-scaled.png","width":1209,"height":2560},{"@type":"BreadcrumbList","@id":"https:\/\/www.aquafast.com.br\/es\/produto\/suavizante-concentrado-lilas-misterio-15l\/#breadcrumb","itemListElement":[{"@type":"ListItem","position":1,"name":"In\u00edcio","item":"https:\/\/www.aquafast.com.br\/es\/"},{"@type":"ListItem","position":2,"name":"Produtos","item":"https:\/\/www.aquafast.com.br\/es\/loja\/"},{"@type":"ListItem","position":3,"name":"Suavizante Concentrado Lilas Misterio 1,5L"}]},{"@type":"WebSite","@id":"https:\/\/www.aquafast.com.br\/es\/#website","url":"https:\/\/www.aquafast.com.br\/es\/","name":"Aquafast ES","description":"","potentialAction":[{"@type":"SearchAction","target":{"@type":"EntryPoint","urlTemplate":"https:\/\/www.aquafast.com.br\/es\/?s={search_term_string}"},"query-input":{"@type":"PropertyValueSpecification","valueRequired":true,"valueName":"search_term_string"}}],"inLanguage":"pt-BR"}]}},"_links":{"self":[{"href":"https:\/\/www.aquafast.com.br\/es\/wp-json\/wp\/v2\/product\/2233","targetHints":{"allow":["GET"]}}],"collection":[{"href":"https:\/\/www.aquafast.com.br\/es\/wp-json\/wp\/v2\/product"}],"about":[{"href":"https:\/\/www.aquafast.com.br\/es\/wp-json\/wp\/v2\/types\/product"}],"replies":[{"embeddable":true,"href":"https:\/\/www.aquafast.com.br\/es\/wp-json\/wp\/v2\/comments?post=2233"}],"wp:featuredmedia":[{"embeddable":true,"href":"https:\/\/www.aquafast.com.br\/es\/wp-json\/wp\/v2\/media\/3485"}],"wp:attachment":[{"href":"https:\/\/www.aquafast.com.br\/es\/wp-json\/wp\/v2\/media?parent=2233"}],"wp:term":[{"taxonomy":"product_brand","embeddable":true,"href":"https:\/\/www.aquafast.com.br\/es\/wp-json\/wp\/v2\/product_brand?post=2233"},{"taxonomy":"product_cat","embeddable":true,"href":"https:\/\/www.aquafast.com.br\/es\/wp-json\/wp\/v2\/product_cat?post=2233"},{"taxonomy":"product_tag","embeddable":true,"href":"https:\/\/www.aquafast.com.br\/es\/wp-json\/wp\/v2\/product_tag?post=2233"}],"curies":[{"name":"wp","href":"https:\/\/api.w.org\/{rel}","templated":true}]}}