{"id":2158,"date":"2025-06-06T11:22:25","date_gmt":"2025-06-06T14:22:25","guid":{"rendered":"https:\/\/www.aquafast.com.br\/es\/?post_type=product&#038;p=2158"},"modified":"2025-08-05T10:38:09","modified_gmt":"2025-08-05T13:38:09","slug":"promopack-deseng-multiuso","status":"publish","type":"product","link":"https:\/\/www.aquafast.com.br\/es\/produto\/promopack-deseng-multiuso\/","title":{"rendered":"Promopack Deseng. + Multiuso"},"content":{"rendered":"<p>Promopack Desengrasante + Multiuso<\/p>\n<p>Contenido de la caja: 6 packs con 3 unidades x 500ml.<\/p>\n<p>Paletizaci\u00f3n: 13 cajas (base) x 6 cajas (altura) = 78 cajas.<\/p>\n<p>&nbsp;<\/p>\n<p><strong>Versi\u00f3n:<\/strong> <strong>PROMOPACK DESENGRASANTE SQUEEZE 500ML Y MULTIUSO LAVANDA 500ML<\/strong><\/p>\n<p>C\u00f3digo Interno: 20.26.0001<\/p>\n<p>C\u00f3digo EAN (unidad): 789.8302.00625-6<\/p>\n<p>C\u00f3digo DUN (caja): 3 789830200625 7<\/p>\n","protected":false},"excerpt":{"rendered":"<p>Mant\u00e9n tu casa siempre limpia, perfumada y bien cuidada con el Promopack Aquafast. Desarrollado para ofrecer practicidad y econom\u00eda, este kit re\u00fane dos aliados indispensables en tu rutina de limpieza.<br \/>\nCon una f\u00f3rmula poderosa, el Desengrasante Aquafast elimina las suciedades m\u00e1s dif\u00edciles, mientras que el Multiuso Lavanda con Alcohol proporciona una limpieza eficaz en diversas superficies.<\/p>\n","protected":false},"featured_media":2417,"comment_status":"open","ping_status":"closed","template":"","meta":{"_acf_changed":false,"inline_featured_image":false},"product_brand":[],"product_cat":[36,41],"product_tag":[],"class_list":{"0":"post-2158","1":"product","2":"type-product","3":"status-publish","4":"has-post-thumbnail","6":"product_cat-desengrasante","7":"product_cat-limpiador-multiuso","9":"first","10":"instock","11":"downloadable","12":"shipping-taxable","13":"product-type-simple"},"acf":[],"yoast_head":"<!-- This site is optimized with the Yoast SEO plugin v24.9 - https:\/\/yoast.com\/wordpress\/plugins\/seo\/ -->\n<title>Promopack Deseng. + Multiuso - Aquafast ES<\/title>\n<meta name=\"robots\" content=\"index, follow, max-snippet:-1, max-image-preview:large, max-video-preview:-1\" \/>\n<link rel=\"canonical\" href=\"https:\/\/www.aquafast.com.br\/es\/produto\/promopack-deseng-multiuso\/\" \/>\n<meta property=\"og:locale\" content=\"pt_BR\" \/>\n<meta property=\"og:type\" content=\"article\" \/>\n<meta property=\"og:title\" content=\"Promopack Deseng. + Multiuso - Aquafast ES\" \/>\n<meta property=\"og:description\" content=\"Mant\u00e9n tu casa siempre limpia, perfumada y bien cuidada con el Promopack Aquafast. Desarrollado para ofrecer practicidad y econom\u00eda, este kit re\u00fane dos aliados indispensables en tu rutina de limpieza. Con una f\u00f3rmula poderosa, el Desengrasante Aquafast elimina las suciedades m\u00e1s dif\u00edciles, mientras que el Multiuso Lavanda con Alcohol proporciona una limpieza eficaz en diversas superficies.\" \/>\n<meta property=\"og:url\" content=\"https:\/\/www.aquafast.com.br\/es\/produto\/promopack-deseng-multiuso\/\" \/>\n<meta property=\"og:site_name\" content=\"Aquafast ES\" \/>\n<meta property=\"article:modified_time\" content=\"2025-08-05T13:38:09+00:00\" \/>\n<meta property=\"og:image\" content=\"https:\/\/www.aquafast.com.br\/es\/wp-content\/uploads\/sites\/4\/2025\/06\/Pack-Multiuso-e-Desengordurante-716x1024.jpeg.webp\" \/>\n\t<meta property=\"og:image:width\" content=\"716\" \/>\n\t<meta property=\"og:image:height\" content=\"1024\" \/>\n\t<meta property=\"og:image:type\" content=\"image\/webp\" \/>\n<meta name=\"twitter:card\" content=\"summary_large_image\" \/>\n<meta name=\"twitter:label1\" content=\"Est. tempo de leitura\" \/>\n\t<meta name=\"twitter:data1\" content=\"1 minuto\" \/>\n<script type=\"application\/ld+json\" class=\"yoast-schema-graph\">{\"@context\":\"https:\/\/schema.org\",\"@graph\":[{\"@type\":\"WebPage\",\"@id\":\"https:\/\/www.aquafast.com.br\/es\/produto\/promopack-deseng-multiuso\/\",\"url\":\"https:\/\/www.aquafast.com.br\/es\/produto\/promopack-deseng-multiuso\/\",\"name\":\"Promopack Deseng. + Multiuso - Aquafast ES\",\"isPartOf\":{\"@id\":\"https:\/\/www.aquafast.com.br\/es\/#website\"},\"primaryImageOfPage\":{\"@id\":\"https:\/\/www.aquafast.com.br\/es\/produto\/promopack-deseng-multiuso\/#primaryimage\"},\"image\":{\"@id\":\"https:\/\/www.aquafast.com.br\/es\/produto\/promopack-deseng-multiuso\/#primaryimage\"},\"thumbnailUrl\":\"https:\/\/www.aquafast.com.br\/es\/wp-content\/uploads\/sites\/4\/2025\/06\/Pack-Multiuso-e-Desengordurante-716x1024.jpeg.webp\",\"datePublished\":\"2025-06-06T14:22:25+00:00\",\"dateModified\":\"2025-08-05T13:38:09+00:00\",\"breadcrumb\":{\"@id\":\"https:\/\/www.aquafast.com.br\/es\/produto\/promopack-deseng-multiuso\/#breadcrumb\"},\"inLanguage\":\"pt-BR\",\"potentialAction\":[{\"@type\":\"ReadAction\",\"target\":[\"https:\/\/www.aquafast.com.br\/es\/produto\/promopack-deseng-multiuso\/\"]}]},{\"@type\":\"ImageObject\",\"inLanguage\":\"pt-BR\",\"@id\":\"https:\/\/www.aquafast.com.br\/es\/produto\/promopack-deseng-multiuso\/#primaryimage\",\"url\":\"https:\/\/www.aquafast.com.br\/es\/wp-content\/uploads\/sites\/4\/2025\/06\/Pack-Multiuso-e-Desengordurante-716x1024.jpeg.webp\",\"contentUrl\":\"https:\/\/www.aquafast.com.br\/es\/wp-content\/uploads\/sites\/4\/2025\/06\/Pack-Multiuso-e-Desengordurante-716x1024.jpeg.webp\",\"width\":716,\"height\":1024},{\"@type\":\"BreadcrumbList\",\"@id\":\"https:\/\/www.aquafast.com.br\/es\/produto\/promopack-deseng-multiuso\/#breadcrumb\",\"itemListElement\":[{\"@type\":\"ListItem\",\"position\":1,\"name\":\"In\u00edcio\",\"item\":\"https:\/\/www.aquafast.com.br\/es\/\"},{\"@type\":\"ListItem\",\"position\":2,\"name\":\"Produtos\",\"item\":\"https:\/\/www.aquafast.com.br\/es\/loja\/\"},{\"@type\":\"ListItem\",\"position\":3,\"name\":\"Promopack Deseng. + Multiuso\"}]},{\"@type\":\"WebSite\",\"@id\":\"https:\/\/www.aquafast.com.br\/es\/#website\",\"url\":\"https:\/\/www.aquafast.com.br\/es\/\",\"name\":\"Aquafast ES\",\"description\":\"\",\"potentialAction\":[{\"@type\":\"SearchAction\",\"target\":{\"@type\":\"EntryPoint\",\"urlTemplate\":\"https:\/\/www.aquafast.com.br\/es\/?s={search_term_string}\"},\"query-input\":{\"@type\":\"PropertyValueSpecification\",\"valueRequired\":true,\"valueName\":\"search_term_string\"}}],\"inLanguage\":\"pt-BR\"}]}<\/script>\n<!-- \/ Yoast SEO plugin. -->","yoast_head_json":{"title":"Promopack Deseng. + Multiuso - Aquafast ES","robots":{"index":"index","follow":"follow","max-snippet":"max-snippet:-1","max-image-preview":"max-image-preview:large","max-video-preview":"max-video-preview:-1"},"canonical":"https:\/\/www.aquafast.com.br\/es\/produto\/promopack-deseng-multiuso\/","og_locale":"pt_BR","og_type":"article","og_title":"Promopack Deseng. + Multiuso - Aquafast ES","og_description":"Mant\u00e9n tu casa siempre limpia, perfumada y bien cuidada con el Promopack Aquafast. Desarrollado para ofrecer practicidad y econom\u00eda, este kit re\u00fane dos aliados indispensables en tu rutina de limpieza. Con una f\u00f3rmula poderosa, el Desengrasante Aquafast elimina las suciedades m\u00e1s dif\u00edciles, mientras que el Multiuso Lavanda con Alcohol proporciona una limpieza eficaz en diversas superficies.","og_url":"https:\/\/www.aquafast.com.br\/es\/produto\/promopack-deseng-multiuso\/","og_site_name":"Aquafast ES","article_modified_time":"2025-08-05T13:38:09+00:00","og_image":[{"width":716,"height":1024,"url":"https:\/\/www.aquafast.com.br\/es\/wp-content\/uploads\/sites\/4\/2025\/06\/Pack-Multiuso-e-Desengordurante-716x1024.jpeg.webp","type":"image\/webp"}],"twitter_card":"summary_large_image","twitter_misc":{"Est. tempo de leitura":"1 minuto"},"schema":{"@context":"https:\/\/schema.org","@graph":[{"@type":"WebPage","@id":"https:\/\/www.aquafast.com.br\/es\/produto\/promopack-deseng-multiuso\/","url":"https:\/\/www.aquafast.com.br\/es\/produto\/promopack-deseng-multiuso\/","name":"Promopack Deseng. + Multiuso - Aquafast ES","isPartOf":{"@id":"https:\/\/www.aquafast.com.br\/es\/#website"},"primaryImageOfPage":{"@id":"https:\/\/www.aquafast.com.br\/es\/produto\/promopack-deseng-multiuso\/#primaryimage"},"image":{"@id":"https:\/\/www.aquafast.com.br\/es\/produto\/promopack-deseng-multiuso\/#primaryimage"},"thumbnailUrl":"https:\/\/www.aquafast.com.br\/es\/wp-content\/uploads\/sites\/4\/2025\/06\/Pack-Multiuso-e-Desengordurante-716x1024.jpeg.webp","datePublished":"2025-06-06T14:22:25+00:00","dateModified":"2025-08-05T13:38:09+00:00","breadcrumb":{"@id":"https:\/\/www.aquafast.com.br\/es\/produto\/promopack-deseng-multiuso\/#breadcrumb"},"inLanguage":"pt-BR","potentialAction":[{"@type":"ReadAction","target":["https:\/\/www.aquafast.com.br\/es\/produto\/promopack-deseng-multiuso\/"]}]},{"@type":"ImageObject","inLanguage":"pt-BR","@id":"https:\/\/www.aquafast.com.br\/es\/produto\/promopack-deseng-multiuso\/#primaryimage","url":"https:\/\/www.aquafast.com.br\/es\/wp-content\/uploads\/sites\/4\/2025\/06\/Pack-Multiuso-e-Desengordurante-716x1024.jpeg.webp","contentUrl":"https:\/\/www.aquafast.com.br\/es\/wp-content\/uploads\/sites\/4\/2025\/06\/Pack-Multiuso-e-Desengordurante-716x1024.jpeg.webp","width":716,"height":1024},{"@type":"BreadcrumbList","@id":"https:\/\/www.aquafast.com.br\/es\/produto\/promopack-deseng-multiuso\/#breadcrumb","itemListElement":[{"@type":"ListItem","position":1,"name":"In\u00edcio","item":"https:\/\/www.aquafast.com.br\/es\/"},{"@type":"ListItem","position":2,"name":"Produtos","item":"https:\/\/www.aquafast.com.br\/es\/loja\/"},{"@type":"ListItem","position":3,"name":"Promopack Deseng. + Multiuso"}]},{"@type":"WebSite","@id":"https:\/\/www.aquafast.com.br\/es\/#website","url":"https:\/\/www.aquafast.com.br\/es\/","name":"Aquafast ES","description":"","potentialAction":[{"@type":"SearchAction","target":{"@type":"EntryPoint","urlTemplate":"https:\/\/www.aquafast.com.br\/es\/?s={search_term_string}"},"query-input":{"@type":"PropertyValueSpecification","valueRequired":true,"valueName":"search_term_string"}}],"inLanguage":"pt-BR"}]}},"_links":{"self":[{"href":"https:\/\/www.aquafast.com.br\/es\/wp-json\/wp\/v2\/product\/2158","targetHints":{"allow":["GET"]}}],"collection":[{"href":"https:\/\/www.aquafast.com.br\/es\/wp-json\/wp\/v2\/product"}],"about":[{"href":"https:\/\/www.aquafast.com.br\/es\/wp-json\/wp\/v2\/types\/product"}],"replies":[{"embeddable":true,"href":"https:\/\/www.aquafast.com.br\/es\/wp-json\/wp\/v2\/comments?post=2158"}],"wp:featuredmedia":[{"embeddable":true,"href":"https:\/\/www.aquafast.com.br\/es\/wp-json\/wp\/v2\/media\/2417"}],"wp:attachment":[{"href":"https:\/\/www.aquafast.com.br\/es\/wp-json\/wp\/v2\/media?parent=2158"}],"wp:term":[{"taxonomy":"product_brand","embeddable":true,"href":"https:\/\/www.aquafast.com.br\/es\/wp-json\/wp\/v2\/product_brand?post=2158"},{"taxonomy":"product_cat","embeddable":true,"href":"https:\/\/www.aquafast.com.br\/es\/wp-json\/wp\/v2\/product_cat?post=2158"},{"taxonomy":"product_tag","embeddable":true,"href":"https:\/\/www.aquafast.com.br\/es\/wp-json\/wp\/v2\/product_tag?post=2158"}],"curies":[{"name":"wp","href":"https:\/\/api.w.org\/{rel}","templated":true}]}}