{"id":2157,"date":"2025-06-06T11:22:24","date_gmt":"2025-06-06T14:22:24","guid":{"rendered":"https:\/\/www.aquafast.com.br\/es\/?post_type=product&#038;p=2157"},"modified":"2025-10-21T14:16:12","modified_gmt":"2025-10-21T17:16:12","slug":"promopack-suavizante-concentrado","status":"publish","type":"product","link":"https:\/\/www.aquafast.com.br\/es\/produto\/promopack-suavizante-concentrado\/","title":{"rendered":"Promopack Suavizante Concentrado"},"content":{"rendered":"<p>Promopack Suavizante Concentrado<\/p>\n<p>Contenido de la caja: 6 packs con 2 unidades x 1L.<\/p>\n<p>Paletizaci\u00f3n: 13 cajas (base) x 5 cajas (altura) = 65 cajas.<\/p>\n<p>&nbsp;<\/p>\n<p><strong>Versi\u00f3n:<\/strong> <strong>PROMOPACK SUAVIZANTE CONCENTRADO AQUAFAST AZUL HARMONIA 1L Y BLANCO TERNURA 1L<\/strong><\/p>\n<p>C\u00f3digo Interno: 20.24.0004<\/p>\n<p>C\u00f3digo EAN (unidad): 789.8302.00634-8<\/p>\n<p>C\u00f3digo DUN (caja): 3 789830200634 9<\/p>\n","protected":false},"excerpt":{"rendered":"<p>El Suavizante Concentrado Aquafast rinde lo mismo que la versi\u00f3n tradicional. Cada envase de 1L rinde hasta 4 litros, permitiendo un ahorro de hasta un 80% de agua en su proceso de fabricaci\u00f3n. Fue desarrollado para brindar practicidad y econom\u00eda.<\/p>\n<p>Disponible en dos l\u00edneas, Sensorial y Tradicional, los suavizantes concentrados cuentan con c\u00e1psulas de perfume y control de olores, proporcionando un toque suave y una fragancia agradable que dura mucho m\u00e1s tiempo.<\/p>\n","protected":false},"featured_media":2602,"comment_status":"open","ping_status":"closed","template":"","meta":{"_acf_changed":false,"inline_featured_image":false},"product_brand":[],"product_cat":[34],"product_tag":[],"class_list":{"0":"post-2157","1":"product","2":"type-product","3":"status-publish","4":"has-post-thumbnail","6":"product_cat-suavizante-concentrado","8":"first","9":"instock","10":"downloadable","11":"virtual","12":"product-type-simple"},"acf":[],"yoast_head":"<!-- This site is optimized with the Yoast SEO plugin v24.9 - https:\/\/yoast.com\/wordpress\/plugins\/seo\/ -->\n<title>Promopack Suavizante Concentrado - Aquafast ES<\/title>\n<meta name=\"robots\" content=\"index, follow, max-snippet:-1, max-image-preview:large, max-video-preview:-1\" \/>\n<link rel=\"canonical\" href=\"https:\/\/www.aquafast.com.br\/es\/produto\/promopack-suavizante-concentrado\/\" \/>\n<meta property=\"og:locale\" content=\"pt_BR\" \/>\n<meta property=\"og:type\" content=\"article\" \/>\n<meta property=\"og:title\" content=\"Promopack Suavizante Concentrado - Aquafast ES\" \/>\n<meta property=\"og:description\" content=\"El Suavizante Concentrado Aquafast rinde lo mismo que la versi\u00f3n tradicional. Cada envase de 1L rinde hasta 4 litros, permitiendo un ahorro de hasta un 80% de agua en su proceso de fabricaci\u00f3n. Fue desarrollado para brindar practicidad y econom\u00eda.  Disponible en dos l\u00edneas, Sensorial y Tradicional, los suavizantes concentrados cuentan con c\u00e1psulas de perfume y control de olores, proporcionando un toque suave y una fragancia agradable que dura mucho m\u00e1s tiempo.\" \/>\n<meta property=\"og:url\" content=\"https:\/\/www.aquafast.com.br\/es\/produto\/promopack-suavizante-concentrado\/\" \/>\n<meta property=\"og:site_name\" content=\"Aquafast ES\" \/>\n<meta property=\"article:modified_time\" content=\"2025-10-21T17:16:12+00:00\" \/>\n<meta property=\"og:image\" content=\"https:\/\/www.aquafast.com.br\/es\/wp-content\/uploads\/sites\/4\/2025\/06\/Pack-Amaciante-Concentrado-30-659x1024.jpg.webp\" \/>\n\t<meta property=\"og:image:width\" content=\"659\" \/>\n\t<meta property=\"og:image:height\" content=\"1024\" \/>\n\t<meta property=\"og:image:type\" content=\"image\/webp\" \/>\n<meta name=\"twitter:card\" content=\"summary_large_image\" \/>\n<meta name=\"twitter:label1\" content=\"Est. tempo de leitura\" \/>\n\t<meta name=\"twitter:data1\" content=\"1 minuto\" \/>\n<script type=\"application\/ld+json\" class=\"yoast-schema-graph\">{\"@context\":\"https:\/\/schema.org\",\"@graph\":[{\"@type\":\"WebPage\",\"@id\":\"https:\/\/www.aquafast.com.br\/es\/produto\/promopack-suavizante-concentrado\/\",\"url\":\"https:\/\/www.aquafast.com.br\/es\/produto\/promopack-suavizante-concentrado\/\",\"name\":\"Promopack Suavizante Concentrado - Aquafast ES\",\"isPartOf\":{\"@id\":\"https:\/\/www.aquafast.com.br\/es\/#website\"},\"primaryImageOfPage\":{\"@id\":\"https:\/\/www.aquafast.com.br\/es\/produto\/promopack-suavizante-concentrado\/#primaryimage\"},\"image\":{\"@id\":\"https:\/\/www.aquafast.com.br\/es\/produto\/promopack-suavizante-concentrado\/#primaryimage\"},\"thumbnailUrl\":\"https:\/\/www.aquafast.com.br\/es\/wp-content\/uploads\/sites\/4\/2025\/06\/Pack-Amaciante-Concentrado-30-659x1024.jpg.webp\",\"datePublished\":\"2025-06-06T14:22:24+00:00\",\"dateModified\":\"2025-10-21T17:16:12+00:00\",\"breadcrumb\":{\"@id\":\"https:\/\/www.aquafast.com.br\/es\/produto\/promopack-suavizante-concentrado\/#breadcrumb\"},\"inLanguage\":\"pt-BR\",\"potentialAction\":[{\"@type\":\"ReadAction\",\"target\":[\"https:\/\/www.aquafast.com.br\/es\/produto\/promopack-suavizante-concentrado\/\"]}]},{\"@type\":\"ImageObject\",\"inLanguage\":\"pt-BR\",\"@id\":\"https:\/\/www.aquafast.com.br\/es\/produto\/promopack-suavizante-concentrado\/#primaryimage\",\"url\":\"https:\/\/www.aquafast.com.br\/es\/wp-content\/uploads\/sites\/4\/2025\/06\/Pack-Amaciante-Concentrado-30-659x1024.jpg.webp\",\"contentUrl\":\"https:\/\/www.aquafast.com.br\/es\/wp-content\/uploads\/sites\/4\/2025\/06\/Pack-Amaciante-Concentrado-30-659x1024.jpg.webp\",\"width\":659,\"height\":1024},{\"@type\":\"BreadcrumbList\",\"@id\":\"https:\/\/www.aquafast.com.br\/es\/produto\/promopack-suavizante-concentrado\/#breadcrumb\",\"itemListElement\":[{\"@type\":\"ListItem\",\"position\":1,\"name\":\"In\u00edcio\",\"item\":\"https:\/\/www.aquafast.com.br\/es\/\"},{\"@type\":\"ListItem\",\"position\":2,\"name\":\"Produtos\",\"item\":\"https:\/\/www.aquafast.com.br\/es\/loja\/\"},{\"@type\":\"ListItem\",\"position\":3,\"name\":\"Promopack Suavizante Concentrado\"}]},{\"@type\":\"WebSite\",\"@id\":\"https:\/\/www.aquafast.com.br\/es\/#website\",\"url\":\"https:\/\/www.aquafast.com.br\/es\/\",\"name\":\"Aquafast ES\",\"description\":\"\",\"potentialAction\":[{\"@type\":\"SearchAction\",\"target\":{\"@type\":\"EntryPoint\",\"urlTemplate\":\"https:\/\/www.aquafast.com.br\/es\/?s={search_term_string}\"},\"query-input\":{\"@type\":\"PropertyValueSpecification\",\"valueRequired\":true,\"valueName\":\"search_term_string\"}}],\"inLanguage\":\"pt-BR\"}]}<\/script>\n<!-- \/ Yoast SEO plugin. -->","yoast_head_json":{"title":"Promopack Suavizante Concentrado - Aquafast ES","robots":{"index":"index","follow":"follow","max-snippet":"max-snippet:-1","max-image-preview":"max-image-preview:large","max-video-preview":"max-video-preview:-1"},"canonical":"https:\/\/www.aquafast.com.br\/es\/produto\/promopack-suavizante-concentrado\/","og_locale":"pt_BR","og_type":"article","og_title":"Promopack Suavizante Concentrado - Aquafast ES","og_description":"El Suavizante Concentrado Aquafast rinde lo mismo que la versi\u00f3n tradicional. Cada envase de 1L rinde hasta 4 litros, permitiendo un ahorro de hasta un 80% de agua en su proceso de fabricaci\u00f3n. Fue desarrollado para brindar practicidad y econom\u00eda.  Disponible en dos l\u00edneas, Sensorial y Tradicional, los suavizantes concentrados cuentan con c\u00e1psulas de perfume y control de olores, proporcionando un toque suave y una fragancia agradable que dura mucho m\u00e1s tiempo.","og_url":"https:\/\/www.aquafast.com.br\/es\/produto\/promopack-suavizante-concentrado\/","og_site_name":"Aquafast ES","article_modified_time":"2025-10-21T17:16:12+00:00","og_image":[{"width":659,"height":1024,"url":"https:\/\/www.aquafast.com.br\/es\/wp-content\/uploads\/sites\/4\/2025\/06\/Pack-Amaciante-Concentrado-30-659x1024.jpg.webp","type":"image\/webp"}],"twitter_card":"summary_large_image","twitter_misc":{"Est. tempo de leitura":"1 minuto"},"schema":{"@context":"https:\/\/schema.org","@graph":[{"@type":"WebPage","@id":"https:\/\/www.aquafast.com.br\/es\/produto\/promopack-suavizante-concentrado\/","url":"https:\/\/www.aquafast.com.br\/es\/produto\/promopack-suavizante-concentrado\/","name":"Promopack Suavizante Concentrado - Aquafast ES","isPartOf":{"@id":"https:\/\/www.aquafast.com.br\/es\/#website"},"primaryImageOfPage":{"@id":"https:\/\/www.aquafast.com.br\/es\/produto\/promopack-suavizante-concentrado\/#primaryimage"},"image":{"@id":"https:\/\/www.aquafast.com.br\/es\/produto\/promopack-suavizante-concentrado\/#primaryimage"},"thumbnailUrl":"https:\/\/www.aquafast.com.br\/es\/wp-content\/uploads\/sites\/4\/2025\/06\/Pack-Amaciante-Concentrado-30-659x1024.jpg.webp","datePublished":"2025-06-06T14:22:24+00:00","dateModified":"2025-10-21T17:16:12+00:00","breadcrumb":{"@id":"https:\/\/www.aquafast.com.br\/es\/produto\/promopack-suavizante-concentrado\/#breadcrumb"},"inLanguage":"pt-BR","potentialAction":[{"@type":"ReadAction","target":["https:\/\/www.aquafast.com.br\/es\/produto\/promopack-suavizante-concentrado\/"]}]},{"@type":"ImageObject","inLanguage":"pt-BR","@id":"https:\/\/www.aquafast.com.br\/es\/produto\/promopack-suavizante-concentrado\/#primaryimage","url":"https:\/\/www.aquafast.com.br\/es\/wp-content\/uploads\/sites\/4\/2025\/06\/Pack-Amaciante-Concentrado-30-659x1024.jpg.webp","contentUrl":"https:\/\/www.aquafast.com.br\/es\/wp-content\/uploads\/sites\/4\/2025\/06\/Pack-Amaciante-Concentrado-30-659x1024.jpg.webp","width":659,"height":1024},{"@type":"BreadcrumbList","@id":"https:\/\/www.aquafast.com.br\/es\/produto\/promopack-suavizante-concentrado\/#breadcrumb","itemListElement":[{"@type":"ListItem","position":1,"name":"In\u00edcio","item":"https:\/\/www.aquafast.com.br\/es\/"},{"@type":"ListItem","position":2,"name":"Produtos","item":"https:\/\/www.aquafast.com.br\/es\/loja\/"},{"@type":"ListItem","position":3,"name":"Promopack Suavizante Concentrado"}]},{"@type":"WebSite","@id":"https:\/\/www.aquafast.com.br\/es\/#website","url":"https:\/\/www.aquafast.com.br\/es\/","name":"Aquafast ES","description":"","potentialAction":[{"@type":"SearchAction","target":{"@type":"EntryPoint","urlTemplate":"https:\/\/www.aquafast.com.br\/es\/?s={search_term_string}"},"query-input":{"@type":"PropertyValueSpecification","valueRequired":true,"valueName":"search_term_string"}}],"inLanguage":"pt-BR"}]}},"_links":{"self":[{"href":"https:\/\/www.aquafast.com.br\/es\/wp-json\/wp\/v2\/product\/2157","targetHints":{"allow":["GET"]}}],"collection":[{"href":"https:\/\/www.aquafast.com.br\/es\/wp-json\/wp\/v2\/product"}],"about":[{"href":"https:\/\/www.aquafast.com.br\/es\/wp-json\/wp\/v2\/types\/product"}],"replies":[{"embeddable":true,"href":"https:\/\/www.aquafast.com.br\/es\/wp-json\/wp\/v2\/comments?post=2157"}],"wp:featuredmedia":[{"embeddable":true,"href":"https:\/\/www.aquafast.com.br\/es\/wp-json\/wp\/v2\/media\/2602"}],"wp:attachment":[{"href":"https:\/\/www.aquafast.com.br\/es\/wp-json\/wp\/v2\/media?parent=2157"}],"wp:term":[{"taxonomy":"product_brand","embeddable":true,"href":"https:\/\/www.aquafast.com.br\/es\/wp-json\/wp\/v2\/product_brand?post=2157"},{"taxonomy":"product_cat","embeddable":true,"href":"https:\/\/www.aquafast.com.br\/es\/wp-json\/wp\/v2\/product_cat?post=2157"},{"taxonomy":"product_tag","embeddable":true,"href":"https:\/\/www.aquafast.com.br\/es\/wp-json\/wp\/v2\/product_tag?post=2157"}],"curies":[{"name":"wp","href":"https:\/\/api.w.org\/{rel}","templated":true}]}}