{"id":2077,"date":"2025-06-06T10:11:05","date_gmt":"2025-06-06T13:11:05","guid":{"rendered":"https:\/\/www.aquafast.com.br\/es\/?post_type=product&#038;p=2077"},"modified":"2025-08-05T10:48:14","modified_gmt":"2025-08-05T13:48:14","slug":"blanquiador-sin-cloro-3l","status":"publish","type":"product","link":"https:\/\/www.aquafast.com.br\/es\/produto\/blanquiador-sin-cloro-3l\/","title":{"rendered":"Blanquiador Sin Cloro 3L"},"content":{"rendered":"<p>Blanqueador Sin Cloro 3L<\/p>\n<p>Contenido de la caja: 04 unid. x 3L.<\/p>\n<p>Paletizaci\u00f3n: 13 cajas (base) x 5 cajas (altura) = 65 cajas.<\/p>\n<p>&nbsp;<\/p>\n<p><strong>Versi\u00f3n: BLANQUEADOR SIN CLORO AQUAFAST 3L<\/strong><br \/>\nC\u00f3digo Interno: 20.16.0005<br \/>\nC\u00f3digo EAN (unidad): 789.8302.00576-1<br \/>\nC\u00f3digo DUN (caja): 4 789830200576 9<\/p>\n","protected":false},"excerpt":{"rendered":"<p>El Blanqueador Sin Cloro Aquafast elimina hasta las manchas m\u00e1s dif\u00edciles sin da\u00f1ar los tejidos. Esto se debe a su f\u00f3rmula con per\u00f3xido de hidr\u00f3geno (agua oxigenada), que al entrar en contacto con el agua libera microburbujas de ox\u00edgeno que penetran en la suciedad y facilitan su eliminaci\u00f3n.<\/p>\n<p>Al no contener cloro, es seguro para usar en ropa de color sin afectar las fibras.<\/p>\n","protected":false},"featured_media":2722,"comment_status":"closed","ping_status":"closed","template":"","meta":{"_acf_changed":false,"inline_featured_image":false},"product_brand":[],"product_cat":[31],"product_tag":[],"class_list":{"0":"post-2077","1":"product","2":"type-product","3":"status-publish","4":"has-post-thumbnail","6":"product_cat-blanqueador-sin-cloro","8":"first","9":"instock","10":"downloadable","11":"virtual","12":"product-type-simple"},"acf":[],"yoast_head":"<!-- This site is optimized with the Yoast SEO plugin v24.9 - https:\/\/yoast.com\/wordpress\/plugins\/seo\/ -->\n<title>Blanquiador Sin Cloro 3L - Aquafast ES<\/title>\n<meta name=\"robots\" content=\"index, follow, max-snippet:-1, max-image-preview:large, max-video-preview:-1\" \/>\n<link rel=\"canonical\" href=\"https:\/\/www.aquafast.com.br\/es\/produto\/blanquiador-sin-cloro-3l\/\" \/>\n<meta property=\"og:locale\" content=\"pt_BR\" \/>\n<meta property=\"og:type\" content=\"article\" \/>\n<meta property=\"og:title\" content=\"Blanquiador Sin Cloro 3L - Aquafast ES\" \/>\n<meta property=\"og:description\" content=\"El Blanqueador Sin Cloro Aquafast elimina hasta las manchas m\u00e1s dif\u00edciles sin da\u00f1ar los tejidos. Esto se debe a su f\u00f3rmula con per\u00f3xido de hidr\u00f3geno (agua oxigenada), que al entrar en contacto con el agua libera microburbujas de ox\u00edgeno que penetran en la suciedad y facilitan su eliminaci\u00f3n.  Al no contener cloro, es seguro para usar en ropa de color sin afectar las fibras.\" \/>\n<meta property=\"og:url\" content=\"https:\/\/www.aquafast.com.br\/es\/produto\/blanquiador-sin-cloro-3l\/\" \/>\n<meta property=\"og:site_name\" content=\"Aquafast ES\" \/>\n<meta property=\"article:modified_time\" content=\"2025-08-05T13:48:14+00:00\" \/>\n<meta property=\"og:image\" content=\"https:\/\/www.aquafast.com.br\/es\/wp-content\/uploads\/sites\/4\/2025\/06\/Alvejante-Sem-Cloro-Aquafast-3L-2023-1-scaled.png\" \/>\n\t<meta property=\"og:image:width\" content=\"2560\" \/>\n\t<meta property=\"og:image:height\" content=\"2560\" \/>\n\t<meta property=\"og:image:type\" content=\"image\/png\" \/>\n<meta name=\"twitter:card\" content=\"summary_large_image\" \/>\n<meta name=\"twitter:label1\" content=\"Est. tempo de leitura\" \/>\n\t<meta name=\"twitter:data1\" content=\"1 minuto\" \/>\n<script type=\"application\/ld+json\" class=\"yoast-schema-graph\">{\"@context\":\"https:\/\/schema.org\",\"@graph\":[{\"@type\":\"WebPage\",\"@id\":\"https:\/\/www.aquafast.com.br\/es\/produto\/blanquiador-sin-cloro-3l\/\",\"url\":\"https:\/\/www.aquafast.com.br\/es\/produto\/blanquiador-sin-cloro-3l\/\",\"name\":\"Blanquiador Sin Cloro 3L - Aquafast ES\",\"isPartOf\":{\"@id\":\"https:\/\/www.aquafast.com.br\/es\/#website\"},\"primaryImageOfPage\":{\"@id\":\"https:\/\/www.aquafast.com.br\/es\/produto\/blanquiador-sin-cloro-3l\/#primaryimage\"},\"image\":{\"@id\":\"https:\/\/www.aquafast.com.br\/es\/produto\/blanquiador-sin-cloro-3l\/#primaryimage\"},\"thumbnailUrl\":\"https:\/\/www.aquafast.com.br\/es\/wp-content\/uploads\/sites\/4\/2025\/06\/Alvejante-Sem-Cloro-Aquafast-3L-2023-1-scaled.png\",\"datePublished\":\"2025-06-06T13:11:05+00:00\",\"dateModified\":\"2025-08-05T13:48:14+00:00\",\"breadcrumb\":{\"@id\":\"https:\/\/www.aquafast.com.br\/es\/produto\/blanquiador-sin-cloro-3l\/#breadcrumb\"},\"inLanguage\":\"pt-BR\",\"potentialAction\":[{\"@type\":\"ReadAction\",\"target\":[\"https:\/\/www.aquafast.com.br\/es\/produto\/blanquiador-sin-cloro-3l\/\"]}]},{\"@type\":\"ImageObject\",\"inLanguage\":\"pt-BR\",\"@id\":\"https:\/\/www.aquafast.com.br\/es\/produto\/blanquiador-sin-cloro-3l\/#primaryimage\",\"url\":\"https:\/\/www.aquafast.com.br\/es\/wp-content\/uploads\/sites\/4\/2025\/06\/Alvejante-Sem-Cloro-Aquafast-3L-2023-1-scaled.png\",\"contentUrl\":\"https:\/\/www.aquafast.com.br\/es\/wp-content\/uploads\/sites\/4\/2025\/06\/Alvejante-Sem-Cloro-Aquafast-3L-2023-1-scaled.png\",\"width\":2560,\"height\":2560},{\"@type\":\"BreadcrumbList\",\"@id\":\"https:\/\/www.aquafast.com.br\/es\/produto\/blanquiador-sin-cloro-3l\/#breadcrumb\",\"itemListElement\":[{\"@type\":\"ListItem\",\"position\":1,\"name\":\"In\u00edcio\",\"item\":\"https:\/\/www.aquafast.com.br\/es\/\"},{\"@type\":\"ListItem\",\"position\":2,\"name\":\"Produtos\",\"item\":\"https:\/\/www.aquafast.com.br\/es\/loja\/\"},{\"@type\":\"ListItem\",\"position\":3,\"name\":\"Blanquiador Sin Cloro 3L\"}]},{\"@type\":\"WebSite\",\"@id\":\"https:\/\/www.aquafast.com.br\/es\/#website\",\"url\":\"https:\/\/www.aquafast.com.br\/es\/\",\"name\":\"Aquafast ES\",\"description\":\"\",\"potentialAction\":[{\"@type\":\"SearchAction\",\"target\":{\"@type\":\"EntryPoint\",\"urlTemplate\":\"https:\/\/www.aquafast.com.br\/es\/?s={search_term_string}\"},\"query-input\":{\"@type\":\"PropertyValueSpecification\",\"valueRequired\":true,\"valueName\":\"search_term_string\"}}],\"inLanguage\":\"pt-BR\"}]}<\/script>\n<!-- \/ Yoast SEO plugin. -->","yoast_head_json":{"title":"Blanquiador Sin Cloro 3L - Aquafast ES","robots":{"index":"index","follow":"follow","max-snippet":"max-snippet:-1","max-image-preview":"max-image-preview:large","max-video-preview":"max-video-preview:-1"},"canonical":"https:\/\/www.aquafast.com.br\/es\/produto\/blanquiador-sin-cloro-3l\/","og_locale":"pt_BR","og_type":"article","og_title":"Blanquiador Sin Cloro 3L - Aquafast ES","og_description":"El Blanqueador Sin Cloro Aquafast elimina hasta las manchas m\u00e1s dif\u00edciles sin da\u00f1ar los tejidos. Esto se debe a su f\u00f3rmula con per\u00f3xido de hidr\u00f3geno (agua oxigenada), que al entrar en contacto con el agua libera microburbujas de ox\u00edgeno que penetran en la suciedad y facilitan su eliminaci\u00f3n.  Al no contener cloro, es seguro para usar en ropa de color sin afectar las fibras.","og_url":"https:\/\/www.aquafast.com.br\/es\/produto\/blanquiador-sin-cloro-3l\/","og_site_name":"Aquafast ES","article_modified_time":"2025-08-05T13:48:14+00:00","og_image":[{"width":2560,"height":2560,"url":"https:\/\/www.aquafast.com.br\/es\/wp-content\/uploads\/sites\/4\/2025\/06\/Alvejante-Sem-Cloro-Aquafast-3L-2023-1-scaled.png","type":"image\/png"}],"twitter_card":"summary_large_image","twitter_misc":{"Est. tempo de leitura":"1 minuto"},"schema":{"@context":"https:\/\/schema.org","@graph":[{"@type":"WebPage","@id":"https:\/\/www.aquafast.com.br\/es\/produto\/blanquiador-sin-cloro-3l\/","url":"https:\/\/www.aquafast.com.br\/es\/produto\/blanquiador-sin-cloro-3l\/","name":"Blanquiador Sin Cloro 3L - Aquafast ES","isPartOf":{"@id":"https:\/\/www.aquafast.com.br\/es\/#website"},"primaryImageOfPage":{"@id":"https:\/\/www.aquafast.com.br\/es\/produto\/blanquiador-sin-cloro-3l\/#primaryimage"},"image":{"@id":"https:\/\/www.aquafast.com.br\/es\/produto\/blanquiador-sin-cloro-3l\/#primaryimage"},"thumbnailUrl":"https:\/\/www.aquafast.com.br\/es\/wp-content\/uploads\/sites\/4\/2025\/06\/Alvejante-Sem-Cloro-Aquafast-3L-2023-1-scaled.png","datePublished":"2025-06-06T13:11:05+00:00","dateModified":"2025-08-05T13:48:14+00:00","breadcrumb":{"@id":"https:\/\/www.aquafast.com.br\/es\/produto\/blanquiador-sin-cloro-3l\/#breadcrumb"},"inLanguage":"pt-BR","potentialAction":[{"@type":"ReadAction","target":["https:\/\/www.aquafast.com.br\/es\/produto\/blanquiador-sin-cloro-3l\/"]}]},{"@type":"ImageObject","inLanguage":"pt-BR","@id":"https:\/\/www.aquafast.com.br\/es\/produto\/blanquiador-sin-cloro-3l\/#primaryimage","url":"https:\/\/www.aquafast.com.br\/es\/wp-content\/uploads\/sites\/4\/2025\/06\/Alvejante-Sem-Cloro-Aquafast-3L-2023-1-scaled.png","contentUrl":"https:\/\/www.aquafast.com.br\/es\/wp-content\/uploads\/sites\/4\/2025\/06\/Alvejante-Sem-Cloro-Aquafast-3L-2023-1-scaled.png","width":2560,"height":2560},{"@type":"BreadcrumbList","@id":"https:\/\/www.aquafast.com.br\/es\/produto\/blanquiador-sin-cloro-3l\/#breadcrumb","itemListElement":[{"@type":"ListItem","position":1,"name":"In\u00edcio","item":"https:\/\/www.aquafast.com.br\/es\/"},{"@type":"ListItem","position":2,"name":"Produtos","item":"https:\/\/www.aquafast.com.br\/es\/loja\/"},{"@type":"ListItem","position":3,"name":"Blanquiador Sin Cloro 3L"}]},{"@type":"WebSite","@id":"https:\/\/www.aquafast.com.br\/es\/#website","url":"https:\/\/www.aquafast.com.br\/es\/","name":"Aquafast ES","description":"","potentialAction":[{"@type":"SearchAction","target":{"@type":"EntryPoint","urlTemplate":"https:\/\/www.aquafast.com.br\/es\/?s={search_term_string}"},"query-input":{"@type":"PropertyValueSpecification","valueRequired":true,"valueName":"search_term_string"}}],"inLanguage":"pt-BR"}]}},"_links":{"self":[{"href":"https:\/\/www.aquafast.com.br\/es\/wp-json\/wp\/v2\/product\/2077","targetHints":{"allow":["GET"]}}],"collection":[{"href":"https:\/\/www.aquafast.com.br\/es\/wp-json\/wp\/v2\/product"}],"about":[{"href":"https:\/\/www.aquafast.com.br\/es\/wp-json\/wp\/v2\/types\/product"}],"replies":[{"embeddable":true,"href":"https:\/\/www.aquafast.com.br\/es\/wp-json\/wp\/v2\/comments?post=2077"}],"wp:featuredmedia":[{"embeddable":true,"href":"https:\/\/www.aquafast.com.br\/es\/wp-json\/wp\/v2\/media\/2722"}],"wp:attachment":[{"href":"https:\/\/www.aquafast.com.br\/es\/wp-json\/wp\/v2\/media?parent=2077"}],"wp:term":[{"taxonomy":"product_brand","embeddable":true,"href":"https:\/\/www.aquafast.com.br\/es\/wp-json\/wp\/v2\/product_brand?post=2077"},{"taxonomy":"product_cat","embeddable":true,"href":"https:\/\/www.aquafast.com.br\/es\/wp-json\/wp\/v2\/product_cat?post=2077"},{"taxonomy":"product_tag","embeddable":true,"href":"https:\/\/www.aquafast.com.br\/es\/wp-json\/wp\/v2\/product_tag?post=2077"}],"curies":[{"name":"wp","href":"https:\/\/api.w.org\/{rel}","templated":true}]}}