{"id":2073,"date":"2025-06-06T10:11:05","date_gmt":"2025-06-06T13:11:05","guid":{"rendered":"https:\/\/www.aquafast.com.br\/es\/?post_type=product&#038;p=2073"},"modified":"2025-08-05T10:13:57","modified_gmt":"2025-08-05T13:13:57","slug":"agua-sanitaria-1l","status":"publish","type":"product","link":"https:\/\/www.aquafast.com.br\/es\/produto\/agua-sanitaria-1l\/","title":{"rendered":"Lavandina 1L"},"content":{"rendered":"<p>Lavandina 1L<br \/>\nContenido de la caja: 12 unid. x 1L.<\/p>\n<p>Paletizaci\u00f3n: 14 cajas (base) x 5 cajas (altura) = 70 cajas.<\/p>\n<p>&nbsp;<\/p>\n<p><strong>Versi\u00f3n: LAVANDINA AQUAFAST 1L<\/strong><br \/>\nC\u00f3digo Interno: 20.01.0001<br \/>\nC\u00f3digo EAN (unidad): 789.8302.00001-8<br \/>\nC\u00f3digo DUN (caja): 1 789830200001 5<\/p>\n","protected":false},"excerpt":{"rendered":"<p>La Lavandina Aquafast es esencial para la limpieza y desinfecci\u00f3n de cualquier ambiente. Su f\u00f3rmula equilibrada con cloro activo en la concentraci\u00f3n adecuada la hace econ\u00f3mica y eficiente. Se puede utilizar para limpiar, desinfectar y remover manchas.<\/p>\n<p>Disponible en presentaciones de 1L, 2L y 5L.<\/p>\n","protected":false},"featured_media":2381,"comment_status":"closed","ping_status":"closed","template":"","meta":{"_acf_changed":false,"inline_featured_image":false},"product_brand":[],"product_cat":[30],"product_tag":[],"class_list":{"0":"post-2073","1":"product","2":"type-product","3":"status-publish","4":"has-post-thumbnail","6":"product_cat-lavandina","8":"first","9":"instock","10":"downloadable","11":"virtual","12":"product-type-simple"},"acf":[],"yoast_head":"<!-- This site is optimized with the Yoast SEO plugin v24.9 - https:\/\/yoast.com\/wordpress\/plugins\/seo\/ -->\n<title>Lavandina 1L - Aquafast ES<\/title>\n<meta name=\"robots\" content=\"index, follow, max-snippet:-1, max-image-preview:large, max-video-preview:-1\" \/>\n<link rel=\"canonical\" href=\"https:\/\/www.aquafast.com.br\/es\/produto\/agua-sanitaria-1l\/\" \/>\n<meta property=\"og:locale\" content=\"pt_BR\" \/>\n<meta property=\"og:type\" content=\"article\" \/>\n<meta property=\"og:title\" content=\"Lavandina 1L - Aquafast ES\" \/>\n<meta property=\"og:description\" content=\"La Lavandina Aquafast es esencial para la limpieza y desinfecci\u00f3n de cualquier ambiente. Su f\u00f3rmula equilibrada con cloro activo en la concentraci\u00f3n adecuada la hace econ\u00f3mica y eficiente. Se puede utilizar para limpiar, desinfectar y remover manchas.  Disponible en presentaciones de 1L, 2L y 5L.\" \/>\n<meta property=\"og:url\" content=\"https:\/\/www.aquafast.com.br\/es\/produto\/agua-sanitaria-1l\/\" \/>\n<meta property=\"og:site_name\" content=\"Aquafast ES\" \/>\n<meta property=\"article:modified_time\" content=\"2025-08-05T13:13:57+00:00\" \/>\n<meta property=\"og:image\" content=\"https:\/\/www.aquafast.com.br\/es\/wp-content\/uploads\/sites\/4\/2025\/06\/Agua-Sanitaria-Aquafast-1L-2023-scaled.webp\" \/>\n\t<meta property=\"og:image:width\" content=\"1\" \/>\n\t<meta property=\"og:image:height\" content=\"1\" \/>\n\t<meta property=\"og:image:type\" content=\"image\/png\" \/>\n<meta name=\"twitter:card\" content=\"summary_large_image\" \/>\n<meta name=\"twitter:label1\" content=\"Est. tempo de leitura\" \/>\n\t<meta name=\"twitter:data1\" content=\"1 minuto\" \/>\n<script type=\"application\/ld+json\" class=\"yoast-schema-graph\">{\"@context\":\"https:\/\/schema.org\",\"@graph\":[{\"@type\":\"WebPage\",\"@id\":\"https:\/\/www.aquafast.com.br\/es\/produto\/agua-sanitaria-1l\/\",\"url\":\"https:\/\/www.aquafast.com.br\/es\/produto\/agua-sanitaria-1l\/\",\"name\":\"Lavandina 1L - Aquafast ES\",\"isPartOf\":{\"@id\":\"https:\/\/www.aquafast.com.br\/es\/#website\"},\"primaryImageOfPage\":{\"@id\":\"https:\/\/www.aquafast.com.br\/es\/produto\/agua-sanitaria-1l\/#primaryimage\"},\"image\":{\"@id\":\"https:\/\/www.aquafast.com.br\/es\/produto\/agua-sanitaria-1l\/#primaryimage\"},\"thumbnailUrl\":\"https:\/\/www.aquafast.com.br\/es\/wp-content\/uploads\/sites\/4\/2025\/06\/Agua-Sanitaria-Aquafast-1L-2023-scaled.webp\",\"datePublished\":\"2025-06-06T13:11:05+00:00\",\"dateModified\":\"2025-08-05T13:13:57+00:00\",\"breadcrumb\":{\"@id\":\"https:\/\/www.aquafast.com.br\/es\/produto\/agua-sanitaria-1l\/#breadcrumb\"},\"inLanguage\":\"pt-BR\",\"potentialAction\":[{\"@type\":\"ReadAction\",\"target\":[\"https:\/\/www.aquafast.com.br\/es\/produto\/agua-sanitaria-1l\/\"]}]},{\"@type\":\"ImageObject\",\"inLanguage\":\"pt-BR\",\"@id\":\"https:\/\/www.aquafast.com.br\/es\/produto\/agua-sanitaria-1l\/#primaryimage\",\"url\":\"https:\/\/www.aquafast.com.br\/es\/wp-content\/uploads\/sites\/4\/2025\/06\/Agua-Sanitaria-Aquafast-1L-2023-scaled.webp\",\"contentUrl\":\"https:\/\/www.aquafast.com.br\/es\/wp-content\/uploads\/sites\/4\/2025\/06\/Agua-Sanitaria-Aquafast-1L-2023-scaled.webp\"},{\"@type\":\"BreadcrumbList\",\"@id\":\"https:\/\/www.aquafast.com.br\/es\/produto\/agua-sanitaria-1l\/#breadcrumb\",\"itemListElement\":[{\"@type\":\"ListItem\",\"position\":1,\"name\":\"In\u00edcio\",\"item\":\"https:\/\/www.aquafast.com.br\/es\/\"},{\"@type\":\"ListItem\",\"position\":2,\"name\":\"Produtos\",\"item\":\"https:\/\/www.aquafast.com.br\/es\/loja\/\"},{\"@type\":\"ListItem\",\"position\":3,\"name\":\"Lavandina 1L\"}]},{\"@type\":\"WebSite\",\"@id\":\"https:\/\/www.aquafast.com.br\/es\/#website\",\"url\":\"https:\/\/www.aquafast.com.br\/es\/\",\"name\":\"Aquafast ES\",\"description\":\"\",\"potentialAction\":[{\"@type\":\"SearchAction\",\"target\":{\"@type\":\"EntryPoint\",\"urlTemplate\":\"https:\/\/www.aquafast.com.br\/es\/?s={search_term_string}\"},\"query-input\":{\"@type\":\"PropertyValueSpecification\",\"valueRequired\":true,\"valueName\":\"search_term_string\"}}],\"inLanguage\":\"pt-BR\"}]}<\/script>\n<!-- \/ Yoast SEO plugin. -->","yoast_head_json":{"title":"Lavandina 1L - Aquafast ES","robots":{"index":"index","follow":"follow","max-snippet":"max-snippet:-1","max-image-preview":"max-image-preview:large","max-video-preview":"max-video-preview:-1"},"canonical":"https:\/\/www.aquafast.com.br\/es\/produto\/agua-sanitaria-1l\/","og_locale":"pt_BR","og_type":"article","og_title":"Lavandina 1L - Aquafast ES","og_description":"La Lavandina Aquafast es esencial para la limpieza y desinfecci\u00f3n de cualquier ambiente. Su f\u00f3rmula equilibrada con cloro activo en la concentraci\u00f3n adecuada la hace econ\u00f3mica y eficiente. Se puede utilizar para limpiar, desinfectar y remover manchas.  Disponible en presentaciones de 1L, 2L y 5L.","og_url":"https:\/\/www.aquafast.com.br\/es\/produto\/agua-sanitaria-1l\/","og_site_name":"Aquafast ES","article_modified_time":"2025-08-05T13:13:57+00:00","og_image":[{"url":"https:\/\/www.aquafast.com.br\/es\/wp-content\/uploads\/sites\/4\/2025\/06\/Agua-Sanitaria-Aquafast-1L-2023-scaled.webp","width":1,"height":1,"type":"image\/png"}],"twitter_card":"summary_large_image","twitter_misc":{"Est. tempo de leitura":"1 minuto"},"schema":{"@context":"https:\/\/schema.org","@graph":[{"@type":"WebPage","@id":"https:\/\/www.aquafast.com.br\/es\/produto\/agua-sanitaria-1l\/","url":"https:\/\/www.aquafast.com.br\/es\/produto\/agua-sanitaria-1l\/","name":"Lavandina 1L - Aquafast ES","isPartOf":{"@id":"https:\/\/www.aquafast.com.br\/es\/#website"},"primaryImageOfPage":{"@id":"https:\/\/www.aquafast.com.br\/es\/produto\/agua-sanitaria-1l\/#primaryimage"},"image":{"@id":"https:\/\/www.aquafast.com.br\/es\/produto\/agua-sanitaria-1l\/#primaryimage"},"thumbnailUrl":"https:\/\/www.aquafast.com.br\/es\/wp-content\/uploads\/sites\/4\/2025\/06\/Agua-Sanitaria-Aquafast-1L-2023-scaled.webp","datePublished":"2025-06-06T13:11:05+00:00","dateModified":"2025-08-05T13:13:57+00:00","breadcrumb":{"@id":"https:\/\/www.aquafast.com.br\/es\/produto\/agua-sanitaria-1l\/#breadcrumb"},"inLanguage":"pt-BR","potentialAction":[{"@type":"ReadAction","target":["https:\/\/www.aquafast.com.br\/es\/produto\/agua-sanitaria-1l\/"]}]},{"@type":"ImageObject","inLanguage":"pt-BR","@id":"https:\/\/www.aquafast.com.br\/es\/produto\/agua-sanitaria-1l\/#primaryimage","url":"https:\/\/www.aquafast.com.br\/es\/wp-content\/uploads\/sites\/4\/2025\/06\/Agua-Sanitaria-Aquafast-1L-2023-scaled.webp","contentUrl":"https:\/\/www.aquafast.com.br\/es\/wp-content\/uploads\/sites\/4\/2025\/06\/Agua-Sanitaria-Aquafast-1L-2023-scaled.webp"},{"@type":"BreadcrumbList","@id":"https:\/\/www.aquafast.com.br\/es\/produto\/agua-sanitaria-1l\/#breadcrumb","itemListElement":[{"@type":"ListItem","position":1,"name":"In\u00edcio","item":"https:\/\/www.aquafast.com.br\/es\/"},{"@type":"ListItem","position":2,"name":"Produtos","item":"https:\/\/www.aquafast.com.br\/es\/loja\/"},{"@type":"ListItem","position":3,"name":"Lavandina 1L"}]},{"@type":"WebSite","@id":"https:\/\/www.aquafast.com.br\/es\/#website","url":"https:\/\/www.aquafast.com.br\/es\/","name":"Aquafast ES","description":"","potentialAction":[{"@type":"SearchAction","target":{"@type":"EntryPoint","urlTemplate":"https:\/\/www.aquafast.com.br\/es\/?s={search_term_string}"},"query-input":{"@type":"PropertyValueSpecification","valueRequired":true,"valueName":"search_term_string"}}],"inLanguage":"pt-BR"}]}},"_links":{"self":[{"href":"https:\/\/www.aquafast.com.br\/es\/wp-json\/wp\/v2\/product\/2073","targetHints":{"allow":["GET"]}}],"collection":[{"href":"https:\/\/www.aquafast.com.br\/es\/wp-json\/wp\/v2\/product"}],"about":[{"href":"https:\/\/www.aquafast.com.br\/es\/wp-json\/wp\/v2\/types\/product"}],"replies":[{"embeddable":true,"href":"https:\/\/www.aquafast.com.br\/es\/wp-json\/wp\/v2\/comments?post=2073"}],"wp:featuredmedia":[{"embeddable":true,"href":"https:\/\/www.aquafast.com.br\/es\/wp-json\/wp\/v2\/media\/2381"}],"wp:attachment":[{"href":"https:\/\/www.aquafast.com.br\/es\/wp-json\/wp\/v2\/media?parent=2073"}],"wp:term":[{"taxonomy":"product_brand","embeddable":true,"href":"https:\/\/www.aquafast.com.br\/es\/wp-json\/wp\/v2\/product_brand?post=2073"},{"taxonomy":"product_cat","embeddable":true,"href":"https:\/\/www.aquafast.com.br\/es\/wp-json\/wp\/v2\/product_cat?post=2073"},{"taxonomy":"product_tag","embeddable":true,"href":"https:\/\/www.aquafast.com.br\/es\/wp-json\/wp\/v2\/product_tag?post=2073"}],"curies":[{"name":"wp","href":"https:\/\/api.w.org\/{rel}","templated":true}]}}