{"id":82,"date":"2025-01-12T12:00:00","date_gmt":"2025-01-12T12:00:00","guid":{"rendered":"https:\/\/www.aquafast.com.br\/?page_id=82"},"modified":"2025-10-14T17:33:33","modified_gmt":"2025-10-14T20:33:33","slug":"la-aquafast","status":"publish","type":"page","link":"https:\/\/www.aquafast.com.br\/es\/la-aquafast\/","title":{"rendered":"La Aquafast"},"content":{"rendered":"<p><strong>Aquafast,<\/strong> fundada en 2001, es una referencia en la fabricaci\u00f3n de productos de limpieza en el sur de Brasil. Con sede en<strong> Guapor\u00e9, estado de Rio Grande do Sul, <\/strong>destacamos la<strong> calidad <\/strong>y la<strong> eficiencia <\/strong>como pilares fundamentales para ofrecer soluciones que promuevan el<strong> bienestar <\/strong>de nuestros clientes y sus familias.<\/p><p><\/p><p>Nuestro parque industrial es moderno y totalmente automatizado, lo que permite un control riguroso en cada etapa de la producci\u00f3n, desde el dise\u00f1o exclusivo de etiquetas y envases hasta el envasado de los productos. Cada detalle est\u00e1 pensado para garantizar la fidelizaci\u00f3n de los clientes y fortalecer la confianza en la marca <strong>Aquafast<\/strong>.<\/p><p><\/p><p>Trabajamos para ofrecer m\u00e1s que productos de limpieza: brindamos practicidad y eficiencia, ayudando a las familias a disfrutar de m\u00e1s momentos juntas, con el cuidado que solo <strong>Aquafast<\/strong> puede ofrecer.<\/p>","protected":false},"excerpt":{"rendered":"<p>Aquafast, fundada en 2001, es una referencia en la fabricaci\u00f3n de productos de limpieza en el sur de Brasil. Con sede en Guapor\u00e9, estado de Rio Grande do Sul, destacamos la calidad y la eficiencia como pilares fundamentales para ofrecer soluciones que promuevan el bienestar de nuestros clientes y sus familias. Nuestro parque industrial es [&hellip;]<\/p>\n","protected":false},"author":1,"featured_media":0,"parent":0,"menu_order":0,"comment_status":"closed","ping_status":"closed","template":"page-sobre.php","meta":{"_acf_changed":false,"inline_featured_image":false,"footnotes":""},"class_list":["post-82","page","type-page","status-publish","hentry"],"acf":[],"yoast_head":"<!-- This site is optimized with the Yoast SEO plugin v24.9 - https:\/\/yoast.com\/wordpress\/plugins\/seo\/ -->\n<title>La Aquafast - Aquafast ES<\/title>\n<meta name=\"robots\" content=\"index, follow, max-snippet:-1, max-image-preview:large, max-video-preview:-1\" \/>\n<link rel=\"canonical\" href=\"https:\/\/www.aquafast.com.br\/es\/la-aquafast\/\" \/>\n<meta property=\"og:locale\" content=\"pt_BR\" \/>\n<meta property=\"og:type\" content=\"article\" \/>\n<meta property=\"og:title\" content=\"La Aquafast - Aquafast ES\" \/>\n<meta property=\"og:description\" content=\"Aquafast, fundada en 2001, es una referencia en la fabricaci\u00f3n de productos de limpieza en el sur de Brasil. Con sede en Guapor\u00e9, estado de Rio Grande do Sul, destacamos la calidad y la eficiencia como pilares fundamentales para ofrecer soluciones que promuevan el bienestar de nuestros clientes y sus familias. Nuestro parque industrial es [&hellip;]\" \/>\n<meta property=\"og:url\" content=\"https:\/\/www.aquafast.com.br\/es\/la-aquafast\/\" \/>\n<meta property=\"og:site_name\" content=\"Aquafast ES\" \/>\n<meta property=\"article:modified_time\" content=\"2025-10-14T20:33:33+00:00\" \/>\n<meta name=\"twitter:card\" content=\"summary_large_image\" \/>\n<meta name=\"twitter:label1\" content=\"Est. tempo de leitura\" \/>\n\t<meta name=\"twitter:data1\" content=\"1 minuto\" \/>\n<script type=\"application\/ld+json\" class=\"yoast-schema-graph\">{\"@context\":\"https:\/\/schema.org\",\"@graph\":[{\"@type\":\"WebPage\",\"@id\":\"https:\/\/www.aquafast.com.br\/es\/la-aquafast\/\",\"url\":\"https:\/\/www.aquafast.com.br\/es\/la-aquafast\/\",\"name\":\"La Aquafast - Aquafast ES\",\"isPartOf\":{\"@id\":\"https:\/\/www.aquafast.com.br\/es\/#website\"},\"datePublished\":\"2025-01-12T12:00:00+00:00\",\"dateModified\":\"2025-10-14T20:33:33+00:00\",\"breadcrumb\":{\"@id\":\"https:\/\/www.aquafast.com.br\/es\/la-aquafast\/#breadcrumb\"},\"inLanguage\":\"pt-BR\",\"potentialAction\":[{\"@type\":\"ReadAction\",\"target\":[\"https:\/\/www.aquafast.com.br\/es\/la-aquafast\/\"]}]},{\"@type\":\"BreadcrumbList\",\"@id\":\"https:\/\/www.aquafast.com.br\/es\/la-aquafast\/#breadcrumb\",\"itemListElement\":[{\"@type\":\"ListItem\",\"position\":1,\"name\":\"In\u00edcio\",\"item\":\"https:\/\/www.aquafast.com.br\/es\/\"},{\"@type\":\"ListItem\",\"position\":2,\"name\":\"La Aquafast\"}]},{\"@type\":\"WebSite\",\"@id\":\"https:\/\/www.aquafast.com.br\/es\/#website\",\"url\":\"https:\/\/www.aquafast.com.br\/es\/\",\"name\":\"Aquafast ES\",\"description\":\"\",\"potentialAction\":[{\"@type\":\"SearchAction\",\"target\":{\"@type\":\"EntryPoint\",\"urlTemplate\":\"https:\/\/www.aquafast.com.br\/es\/?s={search_term_string}\"},\"query-input\":{\"@type\":\"PropertyValueSpecification\",\"valueRequired\":true,\"valueName\":\"search_term_string\"}}],\"inLanguage\":\"pt-BR\"}]}<\/script>\n<!-- \/ Yoast SEO plugin. -->","yoast_head_json":{"title":"La Aquafast - Aquafast ES","robots":{"index":"index","follow":"follow","max-snippet":"max-snippet:-1","max-image-preview":"max-image-preview:large","max-video-preview":"max-video-preview:-1"},"canonical":"https:\/\/www.aquafast.com.br\/es\/la-aquafast\/","og_locale":"pt_BR","og_type":"article","og_title":"La Aquafast - Aquafast ES","og_description":"Aquafast, fundada en 2001, es una referencia en la fabricaci\u00f3n de productos de limpieza en el sur de Brasil. Con sede en Guapor\u00e9, estado de Rio Grande do Sul, destacamos la calidad y la eficiencia como pilares fundamentales para ofrecer soluciones que promuevan el bienestar de nuestros clientes y sus familias. Nuestro parque industrial es [&hellip;]","og_url":"https:\/\/www.aquafast.com.br\/es\/la-aquafast\/","og_site_name":"Aquafast ES","article_modified_time":"2025-10-14T20:33:33+00:00","twitter_card":"summary_large_image","twitter_misc":{"Est. tempo de leitura":"1 minuto"},"schema":{"@context":"https:\/\/schema.org","@graph":[{"@type":"WebPage","@id":"https:\/\/www.aquafast.com.br\/es\/la-aquafast\/","url":"https:\/\/www.aquafast.com.br\/es\/la-aquafast\/","name":"La Aquafast - Aquafast ES","isPartOf":{"@id":"https:\/\/www.aquafast.com.br\/es\/#website"},"datePublished":"2025-01-12T12:00:00+00:00","dateModified":"2025-10-14T20:33:33+00:00","breadcrumb":{"@id":"https:\/\/www.aquafast.com.br\/es\/la-aquafast\/#breadcrumb"},"inLanguage":"pt-BR","potentialAction":[{"@type":"ReadAction","target":["https:\/\/www.aquafast.com.br\/es\/la-aquafast\/"]}]},{"@type":"BreadcrumbList","@id":"https:\/\/www.aquafast.com.br\/es\/la-aquafast\/#breadcrumb","itemListElement":[{"@type":"ListItem","position":1,"name":"In\u00edcio","item":"https:\/\/www.aquafast.com.br\/es\/"},{"@type":"ListItem","position":2,"name":"La Aquafast"}]},{"@type":"WebSite","@id":"https:\/\/www.aquafast.com.br\/es\/#website","url":"https:\/\/www.aquafast.com.br\/es\/","name":"Aquafast ES","description":"","potentialAction":[{"@type":"SearchAction","target":{"@type":"EntryPoint","urlTemplate":"https:\/\/www.aquafast.com.br\/es\/?s={search_term_string}"},"query-input":{"@type":"PropertyValueSpecification","valueRequired":true,"valueName":"search_term_string"}}],"inLanguage":"pt-BR"}]}},"_links":{"self":[{"href":"https:\/\/www.aquafast.com.br\/es\/wp-json\/wp\/v2\/pages\/82","targetHints":{"allow":["GET"]}}],"collection":[{"href":"https:\/\/www.aquafast.com.br\/es\/wp-json\/wp\/v2\/pages"}],"about":[{"href":"https:\/\/www.aquafast.com.br\/es\/wp-json\/wp\/v2\/types\/page"}],"author":[{"embeddable":true,"href":"https:\/\/www.aquafast.com.br\/es\/wp-json\/wp\/v2\/users\/1"}],"replies":[{"embeddable":true,"href":"https:\/\/www.aquafast.com.br\/es\/wp-json\/wp\/v2\/comments?post=82"}],"version-history":[{"count":6,"href":"https:\/\/www.aquafast.com.br\/es\/wp-json\/wp\/v2\/pages\/82\/revisions"}],"predecessor-version":[{"id":3314,"href":"https:\/\/www.aquafast.com.br\/es\/wp-json\/wp\/v2\/pages\/82\/revisions\/3314"}],"wp:attachment":[{"href":"https:\/\/www.aquafast.com.br\/es\/wp-json\/wp\/v2\/media?parent=82"}],"curies":[{"name":"wp","href":"https:\/\/api.w.org\/{rel}","templated":true}]}}