{"id":1954,"date":"2025-05-07T12:17:07","date_gmt":"2025-05-07T15:17:07","guid":{"rendered":"https:\/\/www.aquafast.com.br\/es\/?page_id=1954"},"modified":"2025-07-30T08:49:31","modified_gmt":"2025-07-30T11:49:31","slug":"consejos","status":"publish","type":"page","link":"https:\/\/www.aquafast.com.br\/es\/consejos\/","title":{"rendered":"Consejos"},"content":{"rendered":"<p>Encuentra consejos \u00fatiles y pr\u00e1cticos para <strong>aprovechar al m\u00e1ximo los productos Aquafast<\/strong>. Aqu\u00ed reunimos informaci\u00f3n que marca la diferencia en tu d\u00eda a d\u00eda. \u00a1Explora y descubre c\u00f3mo garantizar a\u00fan m\u00e1s eficiencia y calidad!<\/p>","protected":false},"excerpt":{"rendered":"<p>Encuentra consejos \u00fatiles y pr\u00e1cticos para aprovechar al m\u00e1ximo los productos Aquafast. Aqu\u00ed reunimos informaci\u00f3n que marca la diferencia en tu d\u00eda a d\u00eda. \u00a1Explora y descubre c\u00f3mo garantizar a\u00fan m\u00e1s eficiencia y calidad!<\/p>\n","protected":false},"author":1,"featured_media":0,"parent":0,"menu_order":0,"comment_status":"closed","ping_status":"closed","template":"page-dicas.php","meta":{"_acf_changed":false,"inline_featured_image":false,"footnotes":""},"class_list":["post-1954","page","type-page","status-publish","hentry"],"acf":[],"yoast_head":"<!-- This site is optimized with the Yoast SEO plugin v24.9 - https:\/\/yoast.com\/wordpress\/plugins\/seo\/ -->\n<title>Consejos - Aquafast ES<\/title>\n<meta name=\"robots\" content=\"index, follow, max-snippet:-1, max-image-preview:large, max-video-preview:-1\" \/>\n<link rel=\"canonical\" href=\"https:\/\/www.aquafast.com.br\/es\/consejos\/\" \/>\n<meta property=\"og:locale\" content=\"pt_BR\" \/>\n<meta property=\"og:type\" content=\"article\" \/>\n<meta property=\"og:title\" content=\"Consejos - Aquafast ES\" \/>\n<meta property=\"og:description\" content=\"Encuentra consejos \u00fatiles y pr\u00e1cticos para aprovechar al m\u00e1ximo los productos Aquafast. Aqu\u00ed reunimos informaci\u00f3n que marca la diferencia en tu d\u00eda a d\u00eda. \u00a1Explora y descubre c\u00f3mo garantizar a\u00fan m\u00e1s eficiencia y calidad!\" \/>\n<meta property=\"og:url\" content=\"https:\/\/www.aquafast.com.br\/es\/consejos\/\" \/>\n<meta property=\"og:site_name\" content=\"Aquafast ES\" \/>\n<meta property=\"article:modified_time\" content=\"2025-07-30T11:49:31+00:00\" \/>\n<meta name=\"twitter:card\" content=\"summary_large_image\" \/>\n<meta name=\"twitter:label1\" content=\"Est. tempo de leitura\" \/>\n\t<meta name=\"twitter:data1\" content=\"1 minuto\" \/>\n<script type=\"application\/ld+json\" class=\"yoast-schema-graph\">{\"@context\":\"https:\/\/schema.org\",\"@graph\":[{\"@type\":\"WebPage\",\"@id\":\"https:\/\/www.aquafast.com.br\/es\/consejos\/\",\"url\":\"https:\/\/www.aquafast.com.br\/es\/consejos\/\",\"name\":\"Consejos - Aquafast ES\",\"isPartOf\":{\"@id\":\"https:\/\/www.aquafast.com.br\/es\/#website\"},\"datePublished\":\"2025-05-07T15:17:07+00:00\",\"dateModified\":\"2025-07-30T11:49:31+00:00\",\"breadcrumb\":{\"@id\":\"https:\/\/www.aquafast.com.br\/es\/consejos\/#breadcrumb\"},\"inLanguage\":\"pt-BR\",\"potentialAction\":[{\"@type\":\"ReadAction\",\"target\":[\"https:\/\/www.aquafast.com.br\/es\/consejos\/\"]}]},{\"@type\":\"BreadcrumbList\",\"@id\":\"https:\/\/www.aquafast.com.br\/es\/consejos\/#breadcrumb\",\"itemListElement\":[{\"@type\":\"ListItem\",\"position\":1,\"name\":\"In\u00edcio\",\"item\":\"https:\/\/www.aquafast.com.br\/es\/\"},{\"@type\":\"ListItem\",\"position\":2,\"name\":\"Consejos\"}]},{\"@type\":\"WebSite\",\"@id\":\"https:\/\/www.aquafast.com.br\/es\/#website\",\"url\":\"https:\/\/www.aquafast.com.br\/es\/\",\"name\":\"Aquafast ES\",\"description\":\"\",\"potentialAction\":[{\"@type\":\"SearchAction\",\"target\":{\"@type\":\"EntryPoint\",\"urlTemplate\":\"https:\/\/www.aquafast.com.br\/es\/?s={search_term_string}\"},\"query-input\":{\"@type\":\"PropertyValueSpecification\",\"valueRequired\":true,\"valueName\":\"search_term_string\"}}],\"inLanguage\":\"pt-BR\"}]}<\/script>\n<!-- \/ Yoast SEO plugin. -->","yoast_head_json":{"title":"Consejos - Aquafast ES","robots":{"index":"index","follow":"follow","max-snippet":"max-snippet:-1","max-image-preview":"max-image-preview:large","max-video-preview":"max-video-preview:-1"},"canonical":"https:\/\/www.aquafast.com.br\/es\/consejos\/","og_locale":"pt_BR","og_type":"article","og_title":"Consejos - Aquafast ES","og_description":"Encuentra consejos \u00fatiles y pr\u00e1cticos para aprovechar al m\u00e1ximo los productos Aquafast. Aqu\u00ed reunimos informaci\u00f3n que marca la diferencia en tu d\u00eda a d\u00eda. \u00a1Explora y descubre c\u00f3mo garantizar a\u00fan m\u00e1s eficiencia y calidad!","og_url":"https:\/\/www.aquafast.com.br\/es\/consejos\/","og_site_name":"Aquafast ES","article_modified_time":"2025-07-30T11:49:31+00:00","twitter_card":"summary_large_image","twitter_misc":{"Est. tempo de leitura":"1 minuto"},"schema":{"@context":"https:\/\/schema.org","@graph":[{"@type":"WebPage","@id":"https:\/\/www.aquafast.com.br\/es\/consejos\/","url":"https:\/\/www.aquafast.com.br\/es\/consejos\/","name":"Consejos - Aquafast ES","isPartOf":{"@id":"https:\/\/www.aquafast.com.br\/es\/#website"},"datePublished":"2025-05-07T15:17:07+00:00","dateModified":"2025-07-30T11:49:31+00:00","breadcrumb":{"@id":"https:\/\/www.aquafast.com.br\/es\/consejos\/#breadcrumb"},"inLanguage":"pt-BR","potentialAction":[{"@type":"ReadAction","target":["https:\/\/www.aquafast.com.br\/es\/consejos\/"]}]},{"@type":"BreadcrumbList","@id":"https:\/\/www.aquafast.com.br\/es\/consejos\/#breadcrumb","itemListElement":[{"@type":"ListItem","position":1,"name":"In\u00edcio","item":"https:\/\/www.aquafast.com.br\/es\/"},{"@type":"ListItem","position":2,"name":"Consejos"}]},{"@type":"WebSite","@id":"https:\/\/www.aquafast.com.br\/es\/#website","url":"https:\/\/www.aquafast.com.br\/es\/","name":"Aquafast ES","description":"","potentialAction":[{"@type":"SearchAction","target":{"@type":"EntryPoint","urlTemplate":"https:\/\/www.aquafast.com.br\/es\/?s={search_term_string}"},"query-input":{"@type":"PropertyValueSpecification","valueRequired":true,"valueName":"search_term_string"}}],"inLanguage":"pt-BR"}]}},"_links":{"self":[{"href":"https:\/\/www.aquafast.com.br\/es\/wp-json\/wp\/v2\/pages\/1954","targetHints":{"allow":["GET"]}}],"collection":[{"href":"https:\/\/www.aquafast.com.br\/es\/wp-json\/wp\/v2\/pages"}],"about":[{"href":"https:\/\/www.aquafast.com.br\/es\/wp-json\/wp\/v2\/types\/page"}],"author":[{"embeddable":true,"href":"https:\/\/www.aquafast.com.br\/es\/wp-json\/wp\/v2\/users\/1"}],"replies":[{"embeddable":true,"href":"https:\/\/www.aquafast.com.br\/es\/wp-json\/wp\/v2\/comments?post=1954"}],"version-history":[{"count":8,"href":"https:\/\/www.aquafast.com.br\/es\/wp-json\/wp\/v2\/pages\/1954\/revisions"}],"predecessor-version":[{"id":2870,"href":"https:\/\/www.aquafast.com.br\/es\/wp-json\/wp\/v2\/pages\/1954\/revisions\/2870"}],"wp:attachment":[{"href":"https:\/\/www.aquafast.com.br\/es\/wp-json\/wp\/v2\/media?parent=1954"}],"curies":[{"name":"wp","href":"https:\/\/api.w.org\/{rel}","templated":true}]}}